{"id":112,"date":"2018-07-05T00:07:07","date_gmt":"2018-07-04T22:07:07","guid":{"rendered":"http:\/\/fgriot.net\/herbe\/?page_id=112"},"modified":"2021-08-29T03:42:51","modified_gmt":"2021-08-29T01:42:51","slug":"lequipe","status":"publish","type":"page","link":"http:\/\/fgriot.net\/herbe\/lequipe\/","title":{"rendered":"l&rsquo;\u00e9quipe"},"content":{"rendered":"<h3>sur le plateau\u2026<\/h3>\n<p><strong>Fred Griot<br \/>\n<\/strong><em>textes, voix<\/em><strong><br \/>\n<\/strong><\/p>\n<p><a href=\"http:\/\/fgriot.net\/herbe\/wp-content\/uploads\/2018\/07\/fred_griot_micro.jpg\"><img loading=\"lazy\" decoding=\"async\" class=\"alignnone wp-image-169\" src=\"http:\/\/fgriot.net\/herbe\/wp-content\/uploads\/2018\/07\/fred_griot_micro-300x225.jpg\" alt=\"\" width=\"400\" height=\"300\" srcset=\"http:\/\/fgriot.net\/herbe\/wp-content\/uploads\/2018\/07\/fred_griot_micro-300x225.jpg 300w, http:\/\/fgriot.net\/herbe\/wp-content\/uploads\/2018\/07\/fred_griot_micro-768x576.jpg 768w, http:\/\/fgriot.net\/herbe\/wp-content\/uploads\/2018\/07\/fred_griot_micro-150x113.jpg 150w, http:\/\/fgriot.net\/herbe\/wp-content\/uploads\/2018\/07\/fred_griot_micro.jpg 960w\" sizes=\"(max-width: 400px) 100vw, 400px\" \/><\/a><\/p>\n<p>Par son travail initial d\u2019\u00e9criture, de po\u00e8te, il a \u00e9dit\u00e9 une quinzaine de livres (po\u00e9sie, r\u00e9cit, journal) ainsi que de nombreux projets mis en sc\u00e8ne sur le web.<br \/>\nEn tant qu&rsquo;interpr\u00e8te, il a donn\u00e9, de nombreuses lectures solo et concerts en trio (en France, Belgique, R\u00e9publique Tch\u00e8que, Slovaquie, Hongrie, Russie, Canada\u2026).<br \/>\n\u00c0 l&rsquo;articulation entre \u00e9criture et voix, il essaie d&rsquo;\u00e9crire, de dire, en parole simple, claire, libre.<br \/>\nIl s\u2019est produit \u00e0 Radio France, la Philharmonie de Paris, de nombreuses Maisons de la Po\u00e9sie, la Maison de la litt\u00e9rature de Qu\u00e9bec, l\u2019Institut Fran\u00e7ais de Moscou, de nombreux festivals litt\u00e9raires et musicaux dont Banlieues Bleues, Jazz \u00e0 Vienne, etc&#8230; Ainsi que diverses collaborations \u00e9ditoriales, sc\u00e9niques et musicales : en particulier avec Fran\u00e7ois Bon, Laurence Vielle, Denis Charolles, Pierre Nadaud, Yan Allegret, Thierry Balasse\u2026<\/p>\n<p><strong>&gt; bio et site\u00a0: <a href=\"http:\/\/www.fgriot.net\">www.fgriot.net<\/a><\/strong><\/p>\n<p><strong>Eric Groleau<br \/>\n<\/strong><em>composition, batterie<\/em><strong><br \/>\n<\/strong><\/p>\n<p><a href=\"http:\/\/fgriot.net\/herbe\/wp-content\/uploads\/2018\/07\/capt-2018-07-02-a\u0300-00.44.16.jpg\"><img loading=\"lazy\" decoding=\"async\" class=\"alignnone wp-image-61\" src=\"http:\/\/fgriot.net\/herbe\/wp-content\/uploads\/2018\/07\/capt-2018-07-02-a\u0300-00.44.16-300x199.jpg\" alt=\"\" width=\"400\" height=\"265\" srcset=\"http:\/\/fgriot.net\/herbe\/wp-content\/uploads\/2018\/07\/capt-2018-07-02-a\u0300-00.44.16-300x199.jpg 300w, http:\/\/fgriot.net\/herbe\/wp-content\/uploads\/2018\/07\/capt-2018-07-02-a\u0300-00.44.16-768x510.jpg 768w, http:\/\/fgriot.net\/herbe\/wp-content\/uploads\/2018\/07\/capt-2018-07-02-a\u0300-00.44.16-1024x681.jpg 1024w, http:\/\/fgriot.net\/herbe\/wp-content\/uploads\/2018\/07\/capt-2018-07-02-a\u0300-00.44.16-150x100.jpg 150w, http:\/\/fgriot.net\/herbe\/wp-content\/uploads\/2018\/07\/capt-2018-07-02-a\u0300-00.44.16.jpg 1151w\" sizes=\"(max-width: 400px) 100vw, 400px\" \/><\/a><\/p>\n<p>Membre de nombreuses formations, il s\u2019est produit entre autres avec Louis Sclavis, Ibrahim Maalouf, Dominique Pifar\u00e9ly, Sylvain Kassap, Tim Bern, Marc Ducret, M\u00e9d\u00e9ric Collignon, Vincent Courtois, G!rafe, Thierry Balasse (dont <em>La Face Cach\u00e9e de la Lune<\/em>, cie Inou\u00efe )\u2026 Il a men\u00e9 \u00e9galement ses propres projets musicaux, animant plusieurs formations dont il a assur\u00e9 la direction. Il a mis fin \u00e0 ses jours pendant l&rsquo;enregistrement du disque.<\/p>\n<p><strong><a href=\"https:\/\/echos-tangibles.fr\/crew\/stefan-zweig\/\" target=\"_blank\" rel=\"noopener noreferrer\">&gt; bio<\/a><\/strong><\/p>\n<p><strong>Dani Bouillard<br \/>\n<\/strong><em>composition, guitare<\/em><strong><br \/>\n<\/strong><\/p>\n<p><a href=\"http:\/\/fgriot.net\/herbe\/wp-content\/uploads\/2018\/07\/dani-bouillard_1.jpg\"><img loading=\"lazy\" decoding=\"async\" class=\"alignnone wp-image-228\" src=\"http:\/\/fgriot.net\/herbe\/wp-content\/uploads\/2018\/07\/dani-bouillard_1-300x202.jpg\" alt=\"\" width=\"400\" height=\"269\" srcset=\"http:\/\/fgriot.net\/herbe\/wp-content\/uploads\/2018\/07\/dani-bouillard_1-300x202.jpg 300w, http:\/\/fgriot.net\/herbe\/wp-content\/uploads\/2018\/07\/dani-bouillard_1-768x518.jpg 768w, http:\/\/fgriot.net\/herbe\/wp-content\/uploads\/2018\/07\/dani-bouillard_1-1024x690.jpg 1024w, http:\/\/fgriot.net\/herbe\/wp-content\/uploads\/2018\/07\/dani-bouillard_1-150x101.jpg 150w, http:\/\/fgriot.net\/herbe\/wp-content\/uploads\/2018\/07\/dani-bouillard_1.jpg 1108w\" sizes=\"(max-width: 400px) 100vw, 400px\" \/><\/a><\/p>\n<p>Tout d\u2019abord chanteur et guitariste, d\u00e9veloppant sa propre voix avec deux albums\u2026 Il a collabor\u00e9 \u00e9galement avec G\u00e9rard Blanchard, Sanseverino, The D\u00f8, Lo\u00efc Lantoine, Marc Ducret, Dominique Pifarely, Denis Colin, Les Sea-Girls, Zed Van Traumat\u2026<\/p>\n<p><strong><a href=\"http:\/\/www.danibouillard.com\/#!alaguitare\/c1t44\" target=\"_blank\" rel=\"noopener noreferrer\">&gt; site<\/a><\/strong><\/p>\n<h3>en coulisses&#8230;<\/h3>\n<p><strong>Yan Allegret<br \/>\n<\/strong><em>mise en sc\u00e8ne, lumi\u00e8res<\/em><strong><br \/>\n<\/strong><\/p>\n<p><a href=\"http:\/\/fgriot.net\/herbe\/wp-content\/uploads\/2018\/07\/capt-2018-07-02-a\u0300-00.44.04.jpg\"><img loading=\"lazy\" decoding=\"async\" class=\"alignnone wp-image-60\" src=\"http:\/\/fgriot.net\/herbe\/wp-content\/uploads\/2018\/07\/capt-2018-07-02-a\u0300-00.44.04-300x201.jpg\" alt=\"\" width=\"400\" height=\"267\" srcset=\"http:\/\/fgriot.net\/herbe\/wp-content\/uploads\/2018\/07\/capt-2018-07-02-a\u0300-00.44.04-300x201.jpg 300w, http:\/\/fgriot.net\/herbe\/wp-content\/uploads\/2018\/07\/capt-2018-07-02-a\u0300-00.44.04-768x513.jpg 768w, http:\/\/fgriot.net\/herbe\/wp-content\/uploads\/2018\/07\/capt-2018-07-02-a\u0300-00.44.04-1024x684.jpg 1024w, http:\/\/fgriot.net\/herbe\/wp-content\/uploads\/2018\/07\/capt-2018-07-02-a\u0300-00.44.04-150x100.jpg 150w, http:\/\/fgriot.net\/herbe\/wp-content\/uploads\/2018\/07\/capt-2018-07-02-a\u0300-00.44.04.jpg 1152w\" sizes=\"(max-width: 400px) 100vw, 400px\" \/><\/a><\/p>\n<p>Il est \u00e0 ce jour l\u2019auteur de dix-huit textes dramatiques, tous mont\u00e9s \u00e0 la sc\u00e8ne. Il a \u00e9t\u00e9 laur\u00e9at de l\u2019association Beaumarchais et du programme de r\u00e9sidence \u00e0 la Villa Kujoyama, ainsi que du Centre National du Livre. Ses textes ont \u00e9t\u00e9 publi\u00e9s notamment aux Editions Gallimard. Ses trois derniers textes, Le Kojiki, Neiges et Hana No Michi ou Le Sentier des Fleurs ont fait l\u2019objet d\u2019une radiodiffusion sur France Culture en 2010. Yan Allegret se consacre \u00e9galement \u00e0 de nombreux travaux de mise en sc\u00e8ne au sein de la compagnie (&amp;) So Weiter.<br \/>\nOutre la cr\u00e9ation sc\u00e9nique de douze de ses propres textes, il r\u00e9alise de nombreux workshops et performances, en France et au Japon, et en partie sur l\u2019ouverture du champ th\u00e9\u00e2tral \u00e0 diverses disciplines : musiciens, chanteurs, boxeurs, ma\u00eetres de sabre japonais, tout en travaillant avec de grandes figures du th\u00e9\u00e2tre tel l\u2019acteur Redjep Mitrovitsa.<\/p>\n<p><strong><a href=\"http:\/\/www.soweiter.net\/yan-allegret\/\" target=\"_blank\" rel=\"noopener noreferrer\">&gt; site<\/a><br \/>\n&gt; le projet est d\u00e9velopp\u00e9 au sein de la compagnie\u00a0: <a href=\"http:\/\/www.soweiter.net\">www.soweiter.net<\/a><\/strong><\/p>\n<p><strong>Matthieu Metzger<br \/>\n<\/strong><em>prise de son, mixage, saxophone<\/em><\/p>\n<p><a href=\"http:\/\/fgriot.net\/herbe\/wp-content\/uploads\/2018\/07\/mathieu_metzger.jpg\"><img loading=\"lazy\" decoding=\"async\" class=\"alignnone wp-image-175\" src=\"http:\/\/fgriot.net\/herbe\/wp-content\/uploads\/2018\/07\/mathieu_metzger-300x225.jpg\" alt=\"\" width=\"300\" height=\"225\" srcset=\"http:\/\/fgriot.net\/herbe\/wp-content\/uploads\/2018\/07\/mathieu_metzger-300x225.jpg 300w, http:\/\/fgriot.net\/herbe\/wp-content\/uploads\/2018\/07\/mathieu_metzger-768x576.jpg 768w, http:\/\/fgriot.net\/herbe\/wp-content\/uploads\/2018\/07\/mathieu_metzger-150x113.jpg 150w, http:\/\/fgriot.net\/herbe\/wp-content\/uploads\/2018\/07\/mathieu_metzger.jpg 1000w\" sizes=\"(max-width: 300px) 100vw, 300px\" \/><\/a><\/p>\n<p>C\u2019est en autodidacte qu\u2019il s\u2019est form\u00e9 \u00e0 la lutherie \u00e9lectronique, l\u2019acoustique, l\u2019enregistrement, r\u00e9alisant notamment les cinq albums d\u2019Anthurus d\u2019Archer, ceux de Rhizottome, ses productions en tant que leader ou les six disques <em>Tower<\/em> de Marc Ducret.<br \/>\nEn tant que saxophoniste, il int\u00e8gre le quintet de Louis Sclavis puis l\u2019Orchestre National de Jazz.<br \/>\nD\u2019autres collaborations voient ensuite le jour avec de nombreuses formations. Il se produit en solo, ou dans Rhizottome, avec John Hollenbeck, dans Killing Spree, avec Kino-Sounds\u2026<\/p>\n<p><strong><a href=\"http:\/\/systole.fr\/mmtz\/bio.html\" target=\"_blank\" rel=\"noopener noreferrer\">&gt; site<\/a><\/strong><\/p>\n<p><strong>Marianne Feder<br \/>\n<\/strong><em>conseil vocal<br \/>\n<\/em><\/p>\n<p><a href=\"http:\/\/fgriot.net\/herbe\/wp-content\/uploads\/2018\/07\/Marianne-Feder.jpg\"><img loading=\"lazy\" decoding=\"async\" class=\"alignnone wp-image-178 size-medium\" src=\"http:\/\/fgriot.net\/herbe\/wp-content\/uploads\/2018\/07\/Marianne-Feder-247x300.jpg\" alt=\"\" width=\"247\" height=\"300\" srcset=\"http:\/\/fgriot.net\/herbe\/wp-content\/uploads\/2018\/07\/Marianne-Feder-247x300.jpg 247w, http:\/\/fgriot.net\/herbe\/wp-content\/uploads\/2018\/07\/Marianne-Feder-123x150.jpg 123w, http:\/\/fgriot.net\/herbe\/wp-content\/uploads\/2018\/07\/Marianne-Feder.jpg 325w\" sizes=\"(max-width: 247px) 100vw, 247px\" \/><\/a><\/p>\n<p>Essentiellement influenc\u00e9e par le jazz, allant de Django Reinhardt \u00e0 Coltrane, en passant par Mingus et Ella Fitzgerald, Marianne Feder, chanteuse, auteur-compositeur mais aussi Chef de ch\u0153ur est \u00e9galement attir\u00e9e par ses origines de l\u2019Est et la musique yiddish et par toutes les musiques traditionnelles du monde. Apr\u00e8s des \u00e9tudes de piano, de chant et d\u2019Ethnomusicologie, un DE de Musiques Actuelles, elle voyage dans les pays de l\u2019Est, mais aussi au Br\u00e9sil qui se r\u00e9v\u00e8le une vraie passion.<br \/>\nElle travaille \u00e9galement pour au 104, \u00e0 la MPAA, au Festival 1er pas au Th\u00e9\u00e2tre du Soleil en 2012, au Cabaret Sauvage, \u00e0 la Cit\u00e9 de la Musique , aux Sc\u00e8ne d&rsquo;\u00e9t\u00e9 de la Villette, \u00e0 la Bellevilloise, au Festival d\u2019Ile de France.<br \/>\nDepuis 10 ans, elle travaille r\u00e9guli\u00e8rement pour Banlieues Bleues, la Cit\u00e9 de la Musique et la Philharmonie sur des parcours d&rsquo;artistes, des directions d&rsquo;actions culturelles et musicales.<\/p>\n<p><a href=\"http:\/\/mariannefarouch.wixsite.com\/mariannefeder\" target=\"_blank\" rel=\"noopener noreferrer\"><strong>&gt; site<\/strong><\/a><\/p>\n<p><strong>Ben Meurant<br \/>\n<\/strong><em>r\u00e9gie son<\/em><\/p>\n<p><a href=\"http:\/\/fgriot.net\/herbe\/wp-content\/uploads\/2018\/07\/ben_meurant.jpg\"><img loading=\"lazy\" decoding=\"async\" class=\"alignnone wp-image-174 \" src=\"http:\/\/fgriot.net\/herbe\/wp-content\/uploads\/2018\/07\/ben_meurant-292x300.jpg\" alt=\"\" width=\"300\" height=\"308\" srcset=\"http:\/\/fgriot.net\/herbe\/wp-content\/uploads\/2018\/07\/ben_meurant-292x300.jpg 292w, http:\/\/fgriot.net\/herbe\/wp-content\/uploads\/2018\/07\/ben_meurant-146x150.jpg 146w, http:\/\/fgriot.net\/herbe\/wp-content\/uploads\/2018\/07\/ben_meurant.jpg 481w\" sizes=\"(max-width: 300px) 100vw, 300px\" \/><\/a><\/p>\n<p>Technicien associ\u00e9 de la compagnie Inou\u00efe de Thierry Balasse, il accompagne de tr\u00e8s nombreux spectacles en son, en r\u00e9gie plateau et salle\u2026<\/p>\n<p><strong>Thomas Deschamps<br \/>\n<\/strong><em>photos, vid\u00e9os<\/em><\/p>\n<p><a href=\"http:\/\/fgriot.net\/herbe\/wp-content\/uploads\/2018\/07\/thomas_deschamps.jpg\"><img loading=\"lazy\" decoding=\"async\" class=\"alignnone wp-image-176 \" src=\"http:\/\/fgriot.net\/herbe\/wp-content\/uploads\/2018\/07\/thomas_deschamps-246x300.jpg\" alt=\"\" width=\"250\" height=\"305\" srcset=\"http:\/\/fgriot.net\/herbe\/wp-content\/uploads\/2018\/07\/thomas_deschamps-246x300.jpg 246w, http:\/\/fgriot.net\/herbe\/wp-content\/uploads\/2018\/07\/thomas_deschamps-768x938.jpg 768w, http:\/\/fgriot.net\/herbe\/wp-content\/uploads\/2018\/07\/thomas_deschamps-838x1024.jpg 838w, http:\/\/fgriot.net\/herbe\/wp-content\/uploads\/2018\/07\/thomas_deschamps-123x150.jpg 123w, http:\/\/fgriot.net\/herbe\/wp-content\/uploads\/2018\/07\/thomas_deschamps.jpg 1996w\" sizes=\"(max-width: 250px) 100vw, 250px\" \/><\/a><\/p>\n<p>Photographe,\u00a0il d\u00e9veloppe un travail personnel de photographie discret, exigeant, pr\u00e9cis, rompu au jeu du noir\u2026 et collabore parall\u00e8lement avec des grandes marques de luxe de par le monde.<\/p>\n<p><strong><a href=\"http:\/\/www.thomas-deschamps.com\" target=\"_blank\" rel=\"noopener noreferrer\">&gt; site<\/a><\/strong><\/p>\n<p><strong>Anna Griot<br \/>\n<\/strong><em>graphisme<br \/>\n<\/em><\/p>\n<p><a href=\"http:\/\/fgriot.net\/herbe\/wp-content\/uploads\/2019\/04\/anna_griot.jpg\"><img loading=\"lazy\" decoding=\"async\" class=\"alignnone wp-image-390 size-medium\" src=\"http:\/\/fgriot.net\/herbe\/wp-content\/uploads\/2019\/04\/anna_griot-300x300.jpg\" alt=\"\" width=\"300\" height=\"300\" srcset=\"http:\/\/fgriot.net\/herbe\/wp-content\/uploads\/2019\/04\/anna_griot-300x300.jpg 300w, http:\/\/fgriot.net\/herbe\/wp-content\/uploads\/2019\/04\/anna_griot-150x150.jpg 150w, http:\/\/fgriot.net\/herbe\/wp-content\/uploads\/2019\/04\/anna_griot-768x768.jpg 768w, http:\/\/fgriot.net\/herbe\/wp-content\/uploads\/2019\/04\/anna_griot-1024x1024.jpg 1024w, http:\/\/fgriot.net\/herbe\/wp-content\/uploads\/2019\/04\/anna_griot.jpg 1331w\" sizes=\"(max-width: 300px) 100vw, 300px\" \/><\/a><\/p>\n<div class=\"wpb_text_column wpb_content_element \">\n<div class=\"wpb_wrapper\">\n<p>Originaire de Paris et dipl\u00f4m\u00e9e de la HEAR \u00e0 Strasbourg, elle travaille dans les domaines de la narration, de l\u2019\u00e9dition, du design graphique et de la m\u00e9diation.<br \/>\nElle a r\u00e9alis\u00e9 son premier projet \u00e9ditorial avec les \u00e9ditions Actes sud en 2016, et travaille depuis pour la presse et l\u2019\u00e9dition jeunesse. Elle a fond\u00e9 en 2014, la revue <a href=\"https:\/\/magazinecargo.com\/\" target=\"_blank\" rel=\"noopener noreferrer\">CARGO<\/a> avec la journaliste Clara Griot, puis en 2017, avec <a href=\"http:\/\/colineaubert.com\" target=\"_blank\" rel=\"noopener noreferrer\">Coline Aubert<\/a>, le studio de cr\u00e9ation d\u2019outils p\u00e9dagogiques <a href=\"http:\/\/lafabriquebleue.com\/\" target=\"_blank\" rel=\"noopener noreferrer\">La fabrique bleue<\/a>.<br \/>\nPrix :<br \/>\nPrix Jeune Talent 2018 \u2013 Acad\u00e9mie des sciences, lettres et arts d\u2019Alsace<br \/>\nLaur\u00e9ate Silent book \u2013 Foire du livre jeunesse de Bologne 2017<br \/>\n1er prix Cr\u00e9ation num\u00e9rique \u2013 Festival de la bd d\u2019Angoul\u00eame 2016<br \/>\nPrix Jeunes Talents \u2013 Festival de la bd d\u2019Angoul\u00eame 2015<br \/>\nElle travaille avec : Albin Michel jeunesse, Actes sud, Bayard presse, Sarbacane \u00e9ditions, Festival de la bd d\u2019Angoul\u00eame, Mus\u00e9es de Strasbourg, Institut Curie&#8230;<\/p>\n<\/div>\n<\/div>\n<p><strong><a href=\"http:\/\/annagriot.com\" target=\"_blank\" rel=\"noopener noreferrer\">&gt; site<\/a><\/strong><\/p>\n<p><strong>Clara Griot<\/strong><br \/>\n<em>teaser vid\u00e9o<\/em><\/p>\n<p><a href=\"http:\/\/fgriot.net\/herbe\/wp-content\/uploads\/2019\/07\/Clara_Griot.jpg\"><img loading=\"lazy\" decoding=\"async\" class=\"alignnone wp-image-462 size-medium\" src=\"http:\/\/fgriot.net\/herbe\/wp-content\/uploads\/2019\/07\/Clara_Griot-296x300.jpg\" alt=\"\" width=\"296\" height=\"300\" srcset=\"http:\/\/fgriot.net\/herbe\/wp-content\/uploads\/2019\/07\/Clara_Griot-296x300.jpg 296w, http:\/\/fgriot.net\/herbe\/wp-content\/uploads\/2019\/07\/Clara_Griot-768x778.jpg 768w, http:\/\/fgriot.net\/herbe\/wp-content\/uploads\/2019\/07\/Clara_Griot-148x150.jpg 148w, http:\/\/fgriot.net\/herbe\/wp-content\/uploads\/2019\/07\/Clara_Griot.jpg 900w\" sizes=\"(max-width: 296px) 100vw, 296px\" \/><\/a><\/p>\n<p>Vid\u00e9aste et monteuse. Dipl\u00f4m\u00e9e de l\u2019\u00e9cole de journalisme CELSA, elle a co-cr\u00e9\u00e9 la soci\u00e9t\u00e9 de Pierre Papier Ciseaux. Sp\u00e9cialiste des nouveaux formats, elle cr\u00e9\u00e9 des portraits et des documentaires en formats courts, adapt\u00e9s aux usages du web et des r\u00e9seaux sociaux. Elle collabore aussi sur des documentaires en format long et des projets institutionnels.<br \/>\nElle travaille notamment pour France T\u00e9l\u00e9visions, francetv slash, Science&amp;Vie TV et SPICEE&#8230;<\/p>\n<p><a href=\"https:\/\/www.claragriot.com\/\" target=\"_blank\" rel=\"noopener noreferrer\">&gt; site<\/a><\/p>\n<p>&nbsp;<\/p>\n<p>&nbsp;<\/p>\n","protected":false},"excerpt":{"rendered":"<p>sur le plateau\u2026 Fred Griot textes, voix Par son travail initial d\u2019\u00e9criture, de po\u00e8te, il a \u00e9dit\u00e9 une quinzaine de livres (po\u00e9sie, r\u00e9cit, journal) ainsi que de nombreux projets mis en sc\u00e8ne sur le web. En tant qu&rsquo;interpr\u00e8te, il a donn\u00e9, de nombreuses lectures solo et concerts en trio (en\u2026<\/p>\n<p class=\"continue-reading-button\"> <a class=\"continue-reading-link\" href=\"http:\/\/fgriot.net\/herbe\/lequipe\/\">Lire la suite&#8230;<i class=\"crycon-right-dir\"><\/i><\/a><\/p>\n","protected":false},"author":1,"featured_media":633,"parent":0,"menu_order":0,"comment_status":"closed","ping_status":"closed","template":"","meta":{"jetpack_post_was_ever_published":false,"footnotes":""},"class_list":["post-112","page","type-page","status-publish","has-post-thumbnail","hentry"],"yoast_head":"<!-- This site is optimized with the Yoast SEO plugin v25.6 - https:\/\/yoast.com\/wordpress\/plugins\/seo\/ -->\n<title>l&#039;\u00e9quipe - enfin tu regardes l&#039;herbe<\/title>\n<meta name=\"description\" content=\"L&#039;\u00e9quipe de l&#039;album...\" \/>\n<meta name=\"robots\" content=\"index, follow, max-snippet:-1, max-image-preview:large, max-video-preview:-1\" \/>\n<link rel=\"canonical\" href=\"http:\/\/fgriot.net\/herbe\/lequipe\/\" \/>\n<meta property=\"og:locale\" content=\"fr_FR\" \/>\n<meta property=\"og:type\" content=\"article\" \/>\n<meta property=\"og:title\" content=\"l&#039;\u00e9quipe - enfin tu regardes l&#039;herbe\" \/>\n<meta property=\"og:description\" content=\"L&#039;\u00e9quipe de l&#039;album...\" \/>\n<meta property=\"og:url\" content=\"http:\/\/fgriot.net\/herbe\/lequipe\/\" \/>\n<meta property=\"og:site_name\" content=\"enfin tu regardes l&#039;herbe\" \/>\n<meta property=\"article:modified_time\" content=\"2021-08-29T01:42:51+00:00\" \/>\n<meta property=\"og:image\" content=\"http:\/\/fgriot.net\/herbe\/wp-content\/uploads\/2019\/08\/eric-groleau.jpg\" \/>\n\t<meta property=\"og:image:width\" content=\"2288\" \/>\n\t<meta property=\"og:image:height\" content=\"1522\" \/>\n\t<meta property=\"og:image:type\" content=\"image\/jpeg\" \/>\n<meta name=\"twitter:card\" content=\"summary_large_image\" \/>\n<meta name=\"twitter:label1\" content=\"Dur\u00e9e de lecture estim\u00e9e\" \/>\n\t<meta name=\"twitter:data1\" content=\"7 minutes\" \/>\n<script type=\"application\/ld+json\" class=\"yoast-schema-graph\">{\"@context\":\"https:\/\/schema.org\",\"@graph\":[{\"@type\":\"WebPage\",\"@id\":\"http:\/\/fgriot.net\/herbe\/lequipe\/\",\"url\":\"http:\/\/fgriot.net\/herbe\/lequipe\/\",\"name\":\"l'\u00e9quipe - enfin tu regardes l&#039;herbe\",\"isPartOf\":{\"@id\":\"https:\/\/fgriot.net\/herbe\/#website\"},\"primaryImageOfPage\":{\"@id\":\"http:\/\/fgriot.net\/herbe\/lequipe\/#primaryimage\"},\"image\":{\"@id\":\"http:\/\/fgriot.net\/herbe\/lequipe\/#primaryimage\"},\"thumbnailUrl\":\"http:\/\/fgriot.net\/herbe\/wp-content\/uploads\/2019\/09\/herbe_cover-itunesw.jpg\",\"datePublished\":\"2018-07-04T22:07:07+00:00\",\"dateModified\":\"2021-08-29T01:42:51+00:00\",\"description\":\"L'\u00e9quipe de l'album...\",\"breadcrumb\":{\"@id\":\"http:\/\/fgriot.net\/herbe\/lequipe\/#breadcrumb\"},\"inLanguage\":\"fr-FR\",\"potentialAction\":[{\"@type\":\"ReadAction\",\"target\":[\"http:\/\/fgriot.net\/herbe\/lequipe\/\"]}]},{\"@type\":\"ImageObject\",\"inLanguage\":\"fr-FR\",\"@id\":\"http:\/\/fgriot.net\/herbe\/lequipe\/#primaryimage\",\"url\":\"http:\/\/fgriot.net\/herbe\/wp-content\/uploads\/2019\/09\/herbe_cover-itunesw.jpg\",\"contentUrl\":\"http:\/\/fgriot.net\/herbe\/wp-content\/uploads\/2019\/09\/herbe_cover-itunesw.jpg\",\"width\":1524,\"height\":1528},{\"@type\":\"BreadcrumbList\",\"@id\":\"http:\/\/fgriot.net\/herbe\/lequipe\/#breadcrumb\",\"itemListElement\":[{\"@type\":\"ListItem\",\"position\":1,\"name\":\"Accueil\",\"item\":\"https:\/\/fgriot.net\/herbe\/\"},{\"@type\":\"ListItem\",\"position\":2,\"name\":\"l&rsquo;\u00e9quipe\"}]},{\"@type\":\"WebSite\",\"@id\":\"https:\/\/fgriot.net\/herbe\/#website\",\"url\":\"https:\/\/fgriot.net\/herbe\/\",\"name\":\"enfin tu regardes l&#039;herbe\",\"description\":\"\",\"potentialAction\":[{\"@type\":\"SearchAction\",\"target\":{\"@type\":\"EntryPoint\",\"urlTemplate\":\"https:\/\/fgriot.net\/herbe\/?s={search_term_string}\"},\"query-input\":{\"@type\":\"PropertyValueSpecification\",\"valueRequired\":true,\"valueName\":\"search_term_string\"}}],\"inLanguage\":\"fr-FR\"}]}<\/script>\n<!-- \/ Yoast SEO plugin. -->","yoast_head_json":{"title":"l'\u00e9quipe - enfin tu regardes l&#039;herbe","description":"L'\u00e9quipe de l'album...","robots":{"index":"index","follow":"follow","max-snippet":"max-snippet:-1","max-image-preview":"max-image-preview:large","max-video-preview":"max-video-preview:-1"},"canonical":"http:\/\/fgriot.net\/herbe\/lequipe\/","og_locale":"fr_FR","og_type":"article","og_title":"l'\u00e9quipe - enfin tu regardes l&#039;herbe","og_description":"L'\u00e9quipe de l'album...","og_url":"http:\/\/fgriot.net\/herbe\/lequipe\/","og_site_name":"enfin tu regardes l&#039;herbe","article_modified_time":"2021-08-29T01:42:51+00:00","og_image":[{"width":2288,"height":1522,"url":"http:\/\/fgriot.net\/herbe\/wp-content\/uploads\/2019\/08\/eric-groleau.jpg","type":"image\/jpeg"}],"twitter_card":"summary_large_image","twitter_misc":{"Dur\u00e9e de lecture estim\u00e9e":"7 minutes"},"schema":{"@context":"https:\/\/schema.org","@graph":[{"@type":"WebPage","@id":"http:\/\/fgriot.net\/herbe\/lequipe\/","url":"http:\/\/fgriot.net\/herbe\/lequipe\/","name":"l'\u00e9quipe - enfin tu regardes l&#039;herbe","isPartOf":{"@id":"https:\/\/fgriot.net\/herbe\/#website"},"primaryImageOfPage":{"@id":"http:\/\/fgriot.net\/herbe\/lequipe\/#primaryimage"},"image":{"@id":"http:\/\/fgriot.net\/herbe\/lequipe\/#primaryimage"},"thumbnailUrl":"http:\/\/fgriot.net\/herbe\/wp-content\/uploads\/2019\/09\/herbe_cover-itunesw.jpg","datePublished":"2018-07-04T22:07:07+00:00","dateModified":"2021-08-29T01:42:51+00:00","description":"L'\u00e9quipe de l'album...","breadcrumb":{"@id":"http:\/\/fgriot.net\/herbe\/lequipe\/#breadcrumb"},"inLanguage":"fr-FR","potentialAction":[{"@type":"ReadAction","target":["http:\/\/fgriot.net\/herbe\/lequipe\/"]}]},{"@type":"ImageObject","inLanguage":"fr-FR","@id":"http:\/\/fgriot.net\/herbe\/lequipe\/#primaryimage","url":"http:\/\/fgriot.net\/herbe\/wp-content\/uploads\/2019\/09\/herbe_cover-itunesw.jpg","contentUrl":"http:\/\/fgriot.net\/herbe\/wp-content\/uploads\/2019\/09\/herbe_cover-itunesw.jpg","width":1524,"height":1528},{"@type":"BreadcrumbList","@id":"http:\/\/fgriot.net\/herbe\/lequipe\/#breadcrumb","itemListElement":[{"@type":"ListItem","position":1,"name":"Accueil","item":"https:\/\/fgriot.net\/herbe\/"},{"@type":"ListItem","position":2,"name":"l&rsquo;\u00e9quipe"}]},{"@type":"WebSite","@id":"https:\/\/fgriot.net\/herbe\/#website","url":"https:\/\/fgriot.net\/herbe\/","name":"enfin tu regardes l&#039;herbe","description":"","potentialAction":[{"@type":"SearchAction","target":{"@type":"EntryPoint","urlTemplate":"https:\/\/fgriot.net\/herbe\/?s={search_term_string}"},"query-input":{"@type":"PropertyValueSpecification","valueRequired":true,"valueName":"search_term_string"}}],"inLanguage":"fr-FR"}]}},"jetpack_sharing_enabled":true,"jetpack_shortlink":"https:\/\/wp.me\/Pa2ZQw-1O","_links":{"self":[{"href":"http:\/\/fgriot.net\/herbe\/wp-json\/wp\/v2\/pages\/112"}],"collection":[{"href":"http:\/\/fgriot.net\/herbe\/wp-json\/wp\/v2\/pages"}],"about":[{"href":"http:\/\/fgriot.net\/herbe\/wp-json\/wp\/v2\/types\/page"}],"author":[{"embeddable":true,"href":"http:\/\/fgriot.net\/herbe\/wp-json\/wp\/v2\/users\/1"}],"replies":[{"embeddable":true,"href":"http:\/\/fgriot.net\/herbe\/wp-json\/wp\/v2\/comments?post=112"}],"version-history":[{"count":40,"href":"http:\/\/fgriot.net\/herbe\/wp-json\/wp\/v2\/pages\/112\/revisions"}],"predecessor-version":[{"id":788,"href":"http:\/\/fgriot.net\/herbe\/wp-json\/wp\/v2\/pages\/112\/revisions\/788"}],"wp:featuredmedia":[{"embeddable":true,"href":"http:\/\/fgriot.net\/herbe\/wp-json\/wp\/v2\/media\/633"}],"wp:attachment":[{"href":"http:\/\/fgriot.net\/herbe\/wp-json\/wp\/v2\/media?parent=112"}],"curies":[{"name":"wp","href":"https:\/\/api.w.org\/{rel}","templated":true}]}}