{"id":269,"date":"2018-08-09T01:09:22","date_gmt":"2018-08-08T23:09:22","guid":{"rendered":"http:\/\/fgriot.net\/herbe\/?page_id=269"},"modified":"2019-10-19T22:20:41","modified_gmt":"2019-10-19T20:20:41","slug":"projet","status":"publish","type":"page","link":"http:\/\/fgriot.net\/herbe\/projet\/","title":{"rendered":"le projet"},"content":{"rendered":"<p>Nouveau projet, <strong><em>enfin tu regardes l\u2019herbe<\/em><\/strong> associe po\u00e9sie, musique et sc\u00e8ne sans distinction\u2026 comme toutes les cr\u00e9ations de <a href=\"http:\/\/www.fgriot.net\/perf\/\"><strong><em>Fred Griot et parl#<\/em><\/strong><\/a>.<\/p>\n<p>Il est lanc\u00e9 \u00e0 l\u2019initiative de toute <strong>une \u00e9quipe <\/strong>qui r\u00e9unit une dizaine d\u2019artistes fran\u00e7ais confirm\u00e9s, reconnus, de diff\u00e9rentes disciplines (litt\u00e9rature, musique, composition, son, vid\u00e9o, graphisme, mise en sc\u00e8ne&#8230;).<\/p>\n<p>C&rsquo;est un projet compos\u00e9 de :<\/p>\n<ul>\n<li><strong><a href=\"http:\/\/fgriot.net\/herbe\/le-livre\/\" rel=\"noopener\">un livre<\/a> <\/strong>rassemblant environ 200 textes-chants<\/li>\n<li><a href=\"http:\/\/fgriot.net\/herbe\/le-disque\/\" rel=\"noopener\"><strong>un disque\u00a0<\/strong><\/a>rassemblant 7 titres issus du livre<\/li>\n<li><strong><a href=\"http:\/\/fgriot.net\/herbe\/le-concert\/\" rel=\"noopener\">un concert<\/a><\/strong><\/li>\n<li><a href=\"http:\/\/fgriot.net\/herbe\/agenda\/\" rel=\"noopener\"><strong>une tourn\u00e9e\u00a0<\/strong><\/a><\/li>\n<\/ul>\n<p>Suite \u00e0 la disparition\u00a0r\u00e9cente, brutale d&rsquo;<strong><a href=\"http:\/\/fgriot.net\/herbe\/lequipe\/\">\u00c9ric Groleau<\/a><\/strong>, batteur, compositeur et l\u2019un des inspirateurs du trio, nous avons d\u00e9cid\u00e9 de finir tout de m\u00eame cet album, ayant \u00e0 disposition ses enregistrements des maquettes. Cela nous semblait faire sens et coh\u00e9rence de poursuivre et terminer ce projet, auquel il tenait, avec sa musique&#8230;<br \/>\nC\u2019est d\u2019ailleurs lui qui, un soir de tourn\u00e9e au Qu\u00e9bec, lors d\u2019un apr\u00e8s concert, du fond d&rsquo;un profond fauteuil, avait lanc\u00e9 l\u2019id\u00e9e de ce 3\u00e8me album, dans la suite du pr\u00e9c\u00e9dent <a href=\"http:\/\/www.fgriot.net\/ontrace\/\" target=\"_blank\" rel=\"nofollow noopener noreferrer\"><em><strong>on trace<\/strong><\/em><\/a>&#8230;<br \/>\nEt nous voulons poursuivre avec ce qu&rsquo;il nous a laiss\u00e9. Avec une po\u00e9sie claire, simple, et une musique fluide, ouverte.<\/p>\n<p>Le trio est emmen\u00e9 par le po\u00e8te et interpr\u00e8te <strong><a href=\"http:\/\/www.fgriot.net\/\" target=\"_blank\" rel=\"nofollow noopener noreferrer\" data-cke-saved-href=\"http:\/\/www.fgriot.net\/\">Fred Griot<\/a><\/strong>, initialement avec <strong><a href=\"http:\/\/fgriot.net\/herbe\/lequipe\/\" target=\"_blank\" rel=\"nofollow noopener noreferrer\" data-cke-saved-href=\"http:\/\/fgriot.net\/herbe\/lequipe\/\">\u00c9ric Groleau<\/a><\/strong> \u00e0 la batterie, et <strong><a href=\"http:\/\/fgriot.net\/herbe\/lequipe\/\" target=\"_blank\" rel=\"nofollow noopener noreferrer\" data-cke-saved-href=\"http:\/\/fgriot.net\/herbe\/lequipe\/\">Dani Bouillard<\/a><\/strong> \u00e0 la guitare (tout deux \u00e9galement \u00e0 la composition)&#8230; avec, pour le plateau, une mise en sc\u00e8ne de <strong><a href=\"http:\/\/fgriot.net\/herbe\/lequipe\/\" target=\"_blank\" rel=\"nofollow noopener noreferrer\" data-cke-saved-href=\"http:\/\/fgriot.net\/herbe\/lequipe\/\">Yan Allegret<\/a><\/strong>.<br \/>\nL&rsquo;album a \u00e9t\u00e9 enregistr\u00e9 et mix\u00e9 par <a href=\"http:\/\/systole.fr\/mmtz\/bio.html\" target=\"_blank\" rel=\"noopener noreferrer\" data-cke-saved-href=\"http:\/\/systole.fr\/mmtz\/bio.html\"><strong>Matthieu Metzger<\/strong><\/a> dans son studio \u00e0 Poitiers.<\/p>\n<p>Ces cr\u00e9ations sont la continuit\u00e9 d\u2019une aventure artistique entam\u00e9e il y a plusieurs ann\u00e9es :<\/p>\n<ul>\n<li>\u00a0apr\u00e8s plus d&rsquo;une centaine de dates en solo ou trio (Paris, Lyon, Marseille, Moscou, Prague, Bratislava, Budapest, Bruxelles, Qu\u00e9bec, Montr\u00e9al\u2026)<\/li>\n<li>\u00e0 la rencontre les uns des autres\u2026 sur sc\u00e8ne,<\/li>\n<li>mais aussi dans le cadre d&rsquo;<a href=\"http:\/\/fgriot.net\/herbe\/pedagogie\/\">ateliers \u00ab\u00a0\u00e9criture et mise en voix\u00a0\u00bb<\/a><\/li>\n<li>dans la passion de partager, et l\u2019\u00e9motion de dire ce que nous sommes.<\/li>\n<li>c&rsquo;est le <strong>3<sup>\u00e8me<\/sup> album-spectacle<\/strong>&#8230; apr\u00e8s <strong><a href=\"http:\/\/www.fgriot.net\/ontrace\" target=\"_blank\" rel=\"noopener noreferrer\">on trace<\/a><\/strong><\/li>\n<\/ul>\n<p>Ce projet est d\u00e9velopp\u00e9 au sein de la compagnie<strong> <a href=\"http:\/\/www.soweiter.net\" target=\"_blank\" rel=\"noopener noreferrer\">(&amp;) so weiter<\/a><\/strong>.<\/p>\n<p>&nbsp;<\/p>\n<p><strong>Musicalement :<\/strong><\/p>\n<p>Dans ce nouvel opus du trio <strong>p<em>arl#<\/em><\/strong> : <strong><em>enfin tu regardes l\u2019herbe<\/em><\/strong>, la musique est pens\u00e9e comme un humus favorisant le d\u00e9veloppement des germes du verbe.<br \/>\nSur un terrain musical fertile, la volont\u00e9 est de s\u2019appuyer sur les rythmes des mots et plus particuli\u00e8rement sur les appuis syllabiques du mode de scansion de l\u2019auteur-interpr\u00e8te, Fred Griot.<br \/>\nCes appuis pouvant donner ainsi naissance \u00e0 un tempo, un d\u00e9bit de notes juxtapos\u00e9es \u00e0 celui de la parole.<br \/>\nChaque intention permet de cr\u00e9er un environnement musical au \u00ab format chanson \u00bb comme un chemin faisant fleurir dans l\u2019esprit de chaque auditeur, les images, les paysages cr\u00e9\u00e9s par le sens des mots.<br \/>\nC\u2019est le son alli\u00e9 au sens.<\/p>\n<p>Forts d&rsquo;une complicit\u00e9 d\u00e9marr\u00e9e il y a dix ans, <a href=\"http:\/\/fgriot.net\/herbe\/lequipe\/\">Eric Groleau<\/a> \u00e0 la batterie et de <a href=\"http:\/\/fgriot.net\/herbe\/lequipe\/\">Dani Bouillard<\/a> \u00e0 la guitare \u00e9lectrique puisent leur inspiration dans le jazz, la pop m\u00e9lodique, le rock psych\u00e9d\u00e9lique et les musiques improvis\u00e9es.<br \/>\nSans a priori de style, ils cherchent \u00e0 apporter au texte po\u00e9tique une ligne m\u00e9lodique et un soutien rythmique fluides.<br \/>\nC\u2019est un langage musical qui trouve son \u00e9quilibre entre la pulsation appuy\u00e9e de la pop, le raffinement des harmonies jazz et le son brut du rock.<\/p>\n<p>&nbsp;<\/p>\n<p><strong>Sc\u00e9niquement :<\/strong><\/p>\n<p>Rarement il m&rsquo;a \u00e9t\u00e9 donn\u00e9 de lire des po\u00e8mes aussi bruts, simples et profond\u00e9ment tourn\u00e9s vers l&rsquo;humain\/paysage.<br \/>\nAutre posture pour moi. Se mettre au service d&rsquo;un projet port\u00e9 par un autre. Et l&rsquo;autre en question, outre une \u00e9criture aff\u00fbt\u00e9e comme une lame et chaude comme la main d&rsquo;un ami claquant sur l&rsquo;\u00e9paule, poss\u00e8de une pr\u00e9sence \u00ab\u00a0bloc\u00a0\u00bb, quelque chose qui a \u00e0 voir avec le min\u00e9ral, le droit, le compact.<br \/>\nIl fallait au moins le rock, le vrai rock port\u00e9 par Eric Groleau et Dani Bouillard, pour faire se mouvoir les mots avec le min\u00e9ral, la sueur avec la main tendue, le regard per\u00e7ant et le poing serr\u00e9, il fallait au moins \u00e7a pour danser.<br \/>\nMa place est celle de celui qui fr\u00f4le, \u00e0 peine. Qui, sans poser le pied sur leur plateau, glisse un mot, une direction, qui d\u00e9laisse toute vell\u00e9it\u00e9 de mise en sc\u00e8ne, entrant dans un champ beaucoup plus subtil, fait d&rsquo;attention extr\u00eame \u00e0 tout ce qui fait la sc\u00e8ne en dessous de la sc\u00e8ne. L&rsquo;atmosph\u00e8re, le regard, l&rsquo;ouverture au public et le n\u00e9cessaire retour en soi. Il ne s&rsquo;agit pas de concentration mais d&rsquo;attention. Une attention qui, si elle se d\u00e9ploie sans contrainte, r\u00e9v\u00e8le une richesse du r\u00e9el sans pareille.<br \/>\n<strong><em>enfin tu regardes l\u2019herbe<\/em><\/strong>. Les yeux ferm\u00e9s j&rsquo;y vais.<\/p>\n<p style=\"text-align: right;\"><em>Yan Allegret<\/em><\/p>\n<p>&nbsp;<\/p>\n","protected":false},"excerpt":{"rendered":"<p>Nouveau projet, enfin tu regardes l\u2019herbe associe po\u00e9sie, musique et sc\u00e8ne sans distinction\u2026 comme toutes les cr\u00e9ations de Fred Griot et parl#. Il est lanc\u00e9 \u00e0 l\u2019initiative de toute une \u00e9quipe qui r\u00e9unit une dizaine d\u2019artistes fran\u00e7ais confirm\u00e9s, reconnus, de diff\u00e9rentes disciplines (litt\u00e9rature, musique, composition, son, vid\u00e9o, graphisme, mise en\u2026<\/p>\n<p class=\"continue-reading-button\"> <a class=\"continue-reading-link\" href=\"http:\/\/fgriot.net\/herbe\/projet\/\">Lire la suite&#8230;<i class=\"crycon-right-dir\"><\/i><\/a><\/p>\n","protected":false},"author":1,"featured_media":451,"parent":0,"menu_order":0,"comment_status":"closed","ping_status":"closed","template":"","meta":{"jetpack_post_was_ever_published":false,"footnotes":""},"class_list":["post-269","page","type-page","status-publish","has-post-thumbnail","hentry"],"yoast_head":"<!-- This site is optimized with the Yoast SEO plugin v25.6 - https:\/\/yoast.com\/wordpress\/plugins\/seo\/ -->\n<title>le projet - enfin tu regardes l&#039;herbe<\/title>\n<meta name=\"robots\" content=\"index, follow, max-snippet:-1, max-image-preview:large, max-video-preview:-1\" \/>\n<link rel=\"canonical\" href=\"https:\/\/fgriot.net\/herbe\/projet\/\" \/>\n<meta property=\"og:locale\" content=\"fr_FR\" \/>\n<meta property=\"og:type\" content=\"article\" \/>\n<meta property=\"og:title\" content=\"le projet - enfin tu regardes l&#039;herbe\" \/>\n<meta property=\"og:description\" content=\"Nouveau projet, enfin tu regardes l\u2019herbe associe po\u00e9sie, musique et sc\u00e8ne sans distinction\u2026 comme toutes les cr\u00e9ations de Fred Griot et parl#. Il est lanc\u00e9 \u00e0 l\u2019initiative de toute une \u00e9quipe qui r\u00e9unit une dizaine d\u2019artistes fran\u00e7ais confirm\u00e9s, reconnus, de diff\u00e9rentes disciplines (litt\u00e9rature, musique, composition, son, vid\u00e9o, graphisme, mise en\u2026 Lire la suite...\" \/>\n<meta property=\"og:url\" content=\"https:\/\/fgriot.net\/herbe\/projet\/\" \/>\n<meta property=\"og:site_name\" content=\"enfin tu regardes l&#039;herbe\" \/>\n<meta property=\"article:modified_time\" content=\"2019-10-19T20:20:41+00:00\" \/>\n<meta property=\"og:image\" content=\"https:\/\/fgriot.net\/herbe\/wp-content\/uploads\/2019\/10\/herbe_cover-itunes-og-image2w.jpg\" \/>\n\t<meta property=\"og:image:width\" content=\"1080\" \/>\n\t<meta property=\"og:image:height\" content=\"580\" \/>\n\t<meta property=\"og:image:type\" content=\"image\/jpeg\" \/>\n<meta name=\"twitter:card\" content=\"summary_large_image\" \/>\n<meta name=\"twitter:image\" content=\"http:\/\/fgriot.net\/herbe\/wp-content\/uploads\/2019\/10\/herbe_cover-itunes-og-image2w.jpg\" \/>\n<meta name=\"twitter:label1\" content=\"Dur\u00e9e de lecture estim\u00e9e\" \/>\n\t<meta name=\"twitter:data1\" content=\"4 minutes\" \/>\n<script type=\"application\/ld+json\" class=\"yoast-schema-graph\">{\"@context\":\"https:\/\/schema.org\",\"@graph\":[{\"@type\":\"WebPage\",\"@id\":\"https:\/\/fgriot.net\/herbe\/projet\/\",\"url\":\"https:\/\/fgriot.net\/herbe\/projet\/\",\"name\":\"le projet - enfin tu regardes l&#039;herbe\",\"isPartOf\":{\"@id\":\"https:\/\/fgriot.net\/herbe\/#website\"},\"primaryImageOfPage\":{\"@id\":\"https:\/\/fgriot.net\/herbe\/projet\/#primaryimage\"},\"image\":{\"@id\":\"https:\/\/fgriot.net\/herbe\/projet\/#primaryimage\"},\"thumbnailUrl\":\"http:\/\/fgriot.net\/herbe\/wp-content\/uploads\/2019\/07\/enfin-tu-regardes-l-herbe_cover-itunes.jpg\",\"datePublished\":\"2018-08-08T23:09:22+00:00\",\"dateModified\":\"2019-10-19T20:20:41+00:00\",\"breadcrumb\":{\"@id\":\"https:\/\/fgriot.net\/herbe\/projet\/#breadcrumb\"},\"inLanguage\":\"fr-FR\",\"potentialAction\":[{\"@type\":\"ReadAction\",\"target\":[\"https:\/\/fgriot.net\/herbe\/projet\/\"]}]},{\"@type\":\"ImageObject\",\"inLanguage\":\"fr-FR\",\"@id\":\"https:\/\/fgriot.net\/herbe\/projet\/#primaryimage\",\"url\":\"http:\/\/fgriot.net\/herbe\/wp-content\/uploads\/2019\/07\/enfin-tu-regardes-l-herbe_cover-itunes.jpg\",\"contentUrl\":\"http:\/\/fgriot.net\/herbe\/wp-content\/uploads\/2019\/07\/enfin-tu-regardes-l-herbe_cover-itunes.jpg\",\"width\":3000,\"height\":3000},{\"@type\":\"BreadcrumbList\",\"@id\":\"https:\/\/fgriot.net\/herbe\/projet\/#breadcrumb\",\"itemListElement\":[{\"@type\":\"ListItem\",\"position\":1,\"name\":\"Accueil\",\"item\":\"https:\/\/fgriot.net\/herbe\/\"},{\"@type\":\"ListItem\",\"position\":2,\"name\":\"le projet\"}]},{\"@type\":\"WebSite\",\"@id\":\"https:\/\/fgriot.net\/herbe\/#website\",\"url\":\"https:\/\/fgriot.net\/herbe\/\",\"name\":\"enfin tu regardes l&#039;herbe\",\"description\":\"\",\"potentialAction\":[{\"@type\":\"SearchAction\",\"target\":{\"@type\":\"EntryPoint\",\"urlTemplate\":\"https:\/\/fgriot.net\/herbe\/?s={search_term_string}\"},\"query-input\":{\"@type\":\"PropertyValueSpecification\",\"valueRequired\":true,\"valueName\":\"search_term_string\"}}],\"inLanguage\":\"fr-FR\"}]}<\/script>\n<!-- \/ Yoast SEO plugin. -->","yoast_head_json":{"title":"le projet - enfin tu regardes l&#039;herbe","robots":{"index":"index","follow":"follow","max-snippet":"max-snippet:-1","max-image-preview":"max-image-preview:large","max-video-preview":"max-video-preview:-1"},"canonical":"https:\/\/fgriot.net\/herbe\/projet\/","og_locale":"fr_FR","og_type":"article","og_title":"le projet - enfin tu regardes l&#039;herbe","og_description":"Nouveau projet, enfin tu regardes l\u2019herbe associe po\u00e9sie, musique et sc\u00e8ne sans distinction\u2026 comme toutes les cr\u00e9ations de Fred Griot et parl#. Il est lanc\u00e9 \u00e0 l\u2019initiative de toute une \u00e9quipe qui r\u00e9unit une dizaine d\u2019artistes fran\u00e7ais confirm\u00e9s, reconnus, de diff\u00e9rentes disciplines (litt\u00e9rature, musique, composition, son, vid\u00e9o, graphisme, mise en\u2026 Lire la suite...","og_url":"https:\/\/fgriot.net\/herbe\/projet\/","og_site_name":"enfin tu regardes l&#039;herbe","article_modified_time":"2019-10-19T20:20:41+00:00","og_image":[{"width":1080,"height":580,"url":"https:\/\/fgriot.net\/herbe\/wp-content\/uploads\/2019\/10\/herbe_cover-itunes-og-image2w.jpg","type":"image\/jpeg"}],"twitter_card":"summary_large_image","twitter_image":"http:\/\/fgriot.net\/herbe\/wp-content\/uploads\/2019\/10\/herbe_cover-itunes-og-image2w.jpg","twitter_misc":{"Dur\u00e9e de lecture estim\u00e9e":"4 minutes"},"schema":{"@context":"https:\/\/schema.org","@graph":[{"@type":"WebPage","@id":"https:\/\/fgriot.net\/herbe\/projet\/","url":"https:\/\/fgriot.net\/herbe\/projet\/","name":"le projet - enfin tu regardes l&#039;herbe","isPartOf":{"@id":"https:\/\/fgriot.net\/herbe\/#website"},"primaryImageOfPage":{"@id":"https:\/\/fgriot.net\/herbe\/projet\/#primaryimage"},"image":{"@id":"https:\/\/fgriot.net\/herbe\/projet\/#primaryimage"},"thumbnailUrl":"http:\/\/fgriot.net\/herbe\/wp-content\/uploads\/2019\/07\/enfin-tu-regardes-l-herbe_cover-itunes.jpg","datePublished":"2018-08-08T23:09:22+00:00","dateModified":"2019-10-19T20:20:41+00:00","breadcrumb":{"@id":"https:\/\/fgriot.net\/herbe\/projet\/#breadcrumb"},"inLanguage":"fr-FR","potentialAction":[{"@type":"ReadAction","target":["https:\/\/fgriot.net\/herbe\/projet\/"]}]},{"@type":"ImageObject","inLanguage":"fr-FR","@id":"https:\/\/fgriot.net\/herbe\/projet\/#primaryimage","url":"http:\/\/fgriot.net\/herbe\/wp-content\/uploads\/2019\/07\/enfin-tu-regardes-l-herbe_cover-itunes.jpg","contentUrl":"http:\/\/fgriot.net\/herbe\/wp-content\/uploads\/2019\/07\/enfin-tu-regardes-l-herbe_cover-itunes.jpg","width":3000,"height":3000},{"@type":"BreadcrumbList","@id":"https:\/\/fgriot.net\/herbe\/projet\/#breadcrumb","itemListElement":[{"@type":"ListItem","position":1,"name":"Accueil","item":"https:\/\/fgriot.net\/herbe\/"},{"@type":"ListItem","position":2,"name":"le projet"}]},{"@type":"WebSite","@id":"https:\/\/fgriot.net\/herbe\/#website","url":"https:\/\/fgriot.net\/herbe\/","name":"enfin tu regardes l&#039;herbe","description":"","potentialAction":[{"@type":"SearchAction","target":{"@type":"EntryPoint","urlTemplate":"https:\/\/fgriot.net\/herbe\/?s={search_term_string}"},"query-input":{"@type":"PropertyValueSpecification","valueRequired":true,"valueName":"search_term_string"}}],"inLanguage":"fr-FR"}]}},"jetpack_sharing_enabled":true,"jetpack_shortlink":"https:\/\/wp.me\/Pa2ZQw-4l","_links":{"self":[{"href":"http:\/\/fgriot.net\/herbe\/wp-json\/wp\/v2\/pages\/269"}],"collection":[{"href":"http:\/\/fgriot.net\/herbe\/wp-json\/wp\/v2\/pages"}],"about":[{"href":"http:\/\/fgriot.net\/herbe\/wp-json\/wp\/v2\/types\/page"}],"author":[{"embeddable":true,"href":"http:\/\/fgriot.net\/herbe\/wp-json\/wp\/v2\/users\/1"}],"replies":[{"embeddable":true,"href":"http:\/\/fgriot.net\/herbe\/wp-json\/wp\/v2\/comments?post=269"}],"version-history":[{"count":19,"href":"http:\/\/fgriot.net\/herbe\/wp-json\/wp\/v2\/pages\/269\/revisions"}],"predecessor-version":[{"id":666,"href":"http:\/\/fgriot.net\/herbe\/wp-json\/wp\/v2\/pages\/269\/revisions\/666"}],"wp:featuredmedia":[{"embeddable":true,"href":"http:\/\/fgriot.net\/herbe\/wp-json\/wp\/v2\/media\/451"}],"wp:attachment":[{"href":"http:\/\/fgriot.net\/herbe\/wp-json\/wp\/v2\/media?parent=269"}],"curies":[{"name":"wp","href":"https:\/\/api.w.org\/{rel}","templated":true}]}}