{"id":35,"date":"2018-07-04T16:09:24","date_gmt":"2018-07-04T14:09:24","guid":{"rendered":"http:\/\/fgriot.net\/herbe\/?page_id=35"},"modified":"2021-12-29T21:53:58","modified_gmt":"2021-12-29T20:53:58","slug":"le-disque","status":"publish","type":"page","link":"http:\/\/fgriot.net\/herbe\/le-disque\/","title":{"rendered":"le disque"},"content":{"rendered":"<h3><strong>enfin tu regardes l&rsquo;herbe<br \/>\n<\/strong><\/h3>\n<p><span style=\"color: #999999;\"><em>nouvel album<\/em><\/span><\/p>\n<p><a href=\"http:\/\/fgriot.net\/herbe\/wp-content\/uploads\/2019\/07\/enfin-tu-regardes-l-herbe_cover-itunes.jpg\"><img loading=\"lazy\" decoding=\"async\" class=\"alignnone wp-image-451\" src=\"http:\/\/fgriot.net\/herbe\/wp-content\/uploads\/2019\/07\/enfin-tu-regardes-l-herbe_cover-itunes-300x300.jpg\" alt=\"\" width=\"419\" height=\"419\" srcset=\"http:\/\/fgriot.net\/herbe\/wp-content\/uploads\/2019\/07\/enfin-tu-regardes-l-herbe_cover-itunes-300x300.jpg 300w, http:\/\/fgriot.net\/herbe\/wp-content\/uploads\/2019\/07\/enfin-tu-regardes-l-herbe_cover-itunes-150x150.jpg 150w, http:\/\/fgriot.net\/herbe\/wp-content\/uploads\/2019\/07\/enfin-tu-regardes-l-herbe_cover-itunes-768x768.jpg 768w, http:\/\/fgriot.net\/herbe\/wp-content\/uploads\/2019\/07\/enfin-tu-regardes-l-herbe_cover-itunes-1024x1024.jpg 1024w\" sizes=\"(max-width: 419px) 100vw, 419px\" \/><\/a><\/p>\n<p><span class=\"col col_shortcode\"><a class=\"maxbutton-3 maxbutton maxbutton-acheter-le-disque-cd-ou-mp3\" href=\"http:\/\/fgriot.net\/herbe\/le-disque-achat\/\"><span class='mb-text'>ACHETER \/ \u00c9COUTER LE DISQUE<\/span><\/a> <\/span><\/p>\n<div class=\"epyt-video-wrapper\"><iframe loading=\"lazy\"  id=\"_ytid_35001\"  width=\"900\" height=\"506\"  data-origwidth=\"900\" data-origheight=\"506\"  data-relstop=\"1\" src=\"https:\/\/www.youtube.com\/embed\/gK4FhdcEk5E?enablejsapi=1&autoplay=0&cc_load_policy=0&cc_lang_pref=&iv_load_policy=1&loop=0&rel=0&fs=1&playsinline=0&autohide=2&theme=dark&color=red&controls=1&disablekb=0&\" class=\"__youtube_prefs__  no-lazyload\" title=\"YouTube player\"  allow=\"fullscreen; accelerometer; autoplay; clipboard-write; encrypted-media; gyroscope; picture-in-picture; web-share\" referrerpolicy=\"strict-origin-when-cross-origin\" allowfullscreen data-no-lazy=\"1\" data-skipgform_ajax_framebjll=\"\"><\/iframe><\/div>\n<p>&nbsp;<\/p>\n<div class=\"epyt-video-wrapper\"><iframe loading=\"lazy\"  id=\"_ytid_65083\"  width=\"900\" height=\"506\"  data-origwidth=\"900\" data-origheight=\"506\"  data-relstop=\"1\" src=\"https:\/\/www.youtube.com\/embed\/Cdk_E8jJ8QM?enablejsapi=1&autoplay=0&cc_load_policy=0&cc_lang_pref=&iv_load_policy=1&loop=0&rel=0&fs=1&playsinline=0&autohide=2&theme=dark&color=red&controls=1&disablekb=0&\" class=\"__youtube_prefs__  no-lazyload\" title=\"YouTube player\"  allow=\"fullscreen; accelerometer; autoplay; clipboard-write; encrypted-media; gyroscope; picture-in-picture; web-share\" referrerpolicy=\"strict-origin-when-cross-origin\" allowfullscreen data-no-lazy=\"1\" data-skipgform_ajax_framebjll=\"\"><\/iframe><\/div>\n<p>&nbsp;<\/p>\n<p>&nbsp;<\/p>\n<p><span style=\"color: #999999;\">\u00ab Fred Griot \u00e9rige des sc\u00e8nes po\u00e9tiques plong\u00e9es dans un quotidien minimal, profond\u00e9ment intime, qu\u2019un rien parvient \u00e0 faire vibrer. Comme si Raymond Carver avait l\u00e2ch\u00e9 sa bouteille pour se plonger dans la contemplation. \u00bb (<\/span><a href=\"http:\/\/www.indiepoprock.fr\/OnAAussiEcoute\/fred-griot-enfin-tu-regardes-lherbe\/\" target=\"_blank\" rel=\"noopener noreferrer\">suite de l&rsquo;article de Yan Kouton<\/a><span style=\"color: #999999;\">)<br \/>\n<\/span><em><br \/>\n<\/em><\/p>\n<p><em><span style=\"color: #333333;\">et toi toi tu restes un peu s\u00e9ch\u00e9 l\u00e0<br \/>\nclaqu\u00e9 scotch\u00e9<br \/>\nla vision c\u2019est toujours du rapide<br \/>\nla vitesse la pr\u00e9cision du regard<br \/>\npourtant pendant<br \/>\nquelques instants quelques moments l\u00e0<br \/>\nils \u00e9taient ici<br \/>\nvivants visibles<br \/>\nsi vivants<br \/>\nlisibles de la t\u00eate aux pieds<br \/>\nen un clin d\u2019\u0153il<br \/>\nqui est peut-\u00eatre comme de l\u2019amour<br \/>\nouais.<\/span><\/em><\/p>\n<p><span style=\"color: #ff9900;\"><a href=\"http:\/\/fgriot.net\/herbe\/wp-content\/uploads\/2019\/09\/capt_pochette_herbe.jpg\"><img loading=\"lazy\" decoding=\"async\" class=\"alignnone wp-image-544\" src=\"http:\/\/fgriot.net\/herbe\/wp-content\/uploads\/2019\/09\/capt_pochette_herbe-1024x774.jpg\" alt=\"\" width=\"637\" height=\"482\" srcset=\"http:\/\/fgriot.net\/herbe\/wp-content\/uploads\/2019\/09\/capt_pochette_herbe-1024x774.jpg 1024w, http:\/\/fgriot.net\/herbe\/wp-content\/uploads\/2019\/09\/capt_pochette_herbe-300x227.jpg 300w, http:\/\/fgriot.net\/herbe\/wp-content\/uploads\/2019\/09\/capt_pochette_herbe-768x580.jpg 768w, http:\/\/fgriot.net\/herbe\/wp-content\/uploads\/2019\/09\/capt_pochette_herbe-150x113.jpg 150w, http:\/\/fgriot.net\/herbe\/wp-content\/uploads\/2019\/09\/capt_pochette_herbe.jpg 1366w\" sizes=\"(max-width: 637px) 100vw, 637px\" \/><\/a> <\/span><\/p>\n<p><strong>tracklist<\/strong> \u2022<br \/>\n1\u2219 vivants visibles &#8211; <span style=\"color: #999999;\">04:32<\/span><br \/>\n2 \u2219 po\u00e8me con sur jardin de nuit &#8211; <span style=\"color: #999999;\">04:46<\/span><br \/>\n3 \u2219 au-del\u00e0 de la terrasse &#8211; <span style=\"color: #999999;\">04:02<\/span><br \/>\n4 \u2219 enfin tu regardes l\u2019herbe &#8211; <span style=\"color: #999999;\">08:20<\/span><br \/>\n5 \u2219 seul pour la coupe du monde &#8211; <span style=\"color: #999999;\">03:51<\/span><br \/>\n6 \u2219 les soirs de ciel clair &#8211; <span style=\"color: #999999;\">06:02<\/span><br \/>\n7 \u2219 po\u00e8me cul &#8211; <span style=\"color: #999999;\">02:38<\/span><\/p>\n<p>&nbsp;<\/p>\n<p><a href=\"http:\/\/fgriot.net\/herbe\/wp-content\/uploads\/2019\/08\/fred-griot.jpg\"><br \/>\n<\/a><a href=\"http:\/\/fgriot.net\/herbe\/wp-content\/uploads\/2019\/08\/fred-griot.jpg\"><img loading=\"lazy\" decoding=\"async\" class=\"alignnone wp-image-516 size-medium\" src=\"http:\/\/fgriot.net\/herbe\/wp-content\/uploads\/2019\/08\/fred-griot-300x201.jpg\" alt=\"\" width=\"300\" height=\"201\" srcset=\"http:\/\/fgriot.net\/herbe\/wp-content\/uploads\/2019\/08\/fred-griot-300x201.jpg 300w, http:\/\/fgriot.net\/herbe\/wp-content\/uploads\/2019\/08\/fred-griot-768x515.jpg 768w, http:\/\/fgriot.net\/herbe\/wp-content\/uploads\/2019\/08\/fred-griot-1024x687.jpg 1024w, http:\/\/fgriot.net\/herbe\/wp-content\/uploads\/2019\/08\/fred-griot-150x101.jpg 150w\" sizes=\"(max-width: 300px) 100vw, 300px\" \/><\/a> <a href=\"http:\/\/fgriot.net\/herbe\/wp-content\/uploads\/2019\/08\/eric-groleau.jpg\"><img loading=\"lazy\" decoding=\"async\" class=\"alignnone wp-image-515 size-medium\" src=\"http:\/\/fgriot.net\/herbe\/wp-content\/uploads\/2019\/08\/eric-groleau-300x200.jpg\" alt=\"\" width=\"300\" height=\"200\" srcset=\"http:\/\/fgriot.net\/herbe\/wp-content\/uploads\/2019\/08\/eric-groleau-300x200.jpg 300w, http:\/\/fgriot.net\/herbe\/wp-content\/uploads\/2019\/08\/eric-groleau-768x511.jpg 768w, http:\/\/fgriot.net\/herbe\/wp-content\/uploads\/2019\/08\/eric-groleau-1024x681.jpg 1024w, http:\/\/fgriot.net\/herbe\/wp-content\/uploads\/2019\/08\/eric-groleau-150x100.jpg 150w\" sizes=\"(max-width: 300px) 100vw, 300px\" \/><br \/>\n<\/a><a href=\"http:\/\/fgriot.net\/herbe\/wp-content\/uploads\/2019\/08\/dani-bouillard.jpg\"><img loading=\"lazy\" decoding=\"async\" class=\"alignnone wp-image-514 size-medium\" src=\"http:\/\/fgriot.net\/herbe\/wp-content\/uploads\/2019\/08\/dani-bouillard-300x201.jpg\" alt=\"\" width=\"300\" height=\"201\" srcset=\"http:\/\/fgriot.net\/herbe\/wp-content\/uploads\/2019\/08\/dani-bouillard-300x201.jpg 300w, http:\/\/fgriot.net\/herbe\/wp-content\/uploads\/2019\/08\/dani-bouillard-768x514.jpg 768w, http:\/\/fgriot.net\/herbe\/wp-content\/uploads\/2019\/08\/dani-bouillard-1024x685.jpg 1024w, http:\/\/fgriot.net\/herbe\/wp-content\/uploads\/2019\/08\/dani-bouillard-150x100.jpg 150w\" sizes=\"(max-width: 300px) 100vw, 300px\" \/><\/a><\/p>\n<p>&nbsp;<\/p>\n<p><strong><a href=\"https:\/\/www.youtube.com\/user\/fredgriot\/videos\" target=\"_blank\" rel=\"noopener noreferrer\">Toutes les vid\u00e9os du groupe<\/a> :<\/strong><\/p>\n<p><em><a href=\"https:\/\/www.youtube.com\/user\/fredgriot\/videos\" target=\"_blank\" rel=\"noopener noreferrer\"><img loading=\"lazy\" decoding=\"async\" class=\"alignnone wp-image-660\" src=\"http:\/\/fgriot.net\/herbe\/wp-content\/uploads\/2019\/10\/mur-videos_w.jpg\" alt=\"\" width=\"578\" height=\"291\" srcset=\"http:\/\/fgriot.net\/herbe\/wp-content\/uploads\/2019\/10\/mur-videos_w.jpg 1000w, http:\/\/fgriot.net\/herbe\/wp-content\/uploads\/2019\/10\/mur-videos_w-300x151.jpg 300w, http:\/\/fgriot.net\/herbe\/wp-content\/uploads\/2019\/10\/mur-videos_w-768x387.jpg 768w, http:\/\/fgriot.net\/herbe\/wp-content\/uploads\/2019\/10\/mur-videos_w-150x76.jpg 150w\" sizes=\"(max-width: 578px) 100vw, 578px\" \/><\/a><\/em><\/p>\n<p>&nbsp;<\/p>\n<h3><strong>les autres albums<\/strong><\/h3>\n<p><strong><a href=\"http:\/\/www.fgriot.net\/ontrace\/\" target=\"_blank\" rel=\"noopener noreferrer\">on trace<\/a><\/strong><\/p>\n<p><a href=\"http:\/\/www.fgriot.net\/ontrace\/\" target=\"_blank\" rel=\"noopener noreferrer\"><img loading=\"lazy\" decoding=\"async\" class=\"alignnone wp-image-214 \" src=\"http:\/\/fgriot.net\/herbe\/wp-content\/uploads\/2018\/07\/ontrace-couverture-0-1024x922-300x270.jpg\" alt=\"\" width=\"360\" height=\"324\" srcset=\"http:\/\/fgriot.net\/herbe\/wp-content\/uploads\/2018\/07\/ontrace-couverture-0-1024x922-300x270.jpg 300w, http:\/\/fgriot.net\/herbe\/wp-content\/uploads\/2018\/07\/ontrace-couverture-0-1024x922-768x692.jpg 768w, http:\/\/fgriot.net\/herbe\/wp-content\/uploads\/2018\/07\/ontrace-couverture-0-1024x922.jpg 1024w, http:\/\/fgriot.net\/herbe\/wp-content\/uploads\/2018\/07\/ontrace-couverture-0-1024x922-150x135.jpg 150w\" sizes=\"(max-width: 360px) 100vw, 360px\" \/><\/a><\/p>\n<p><a href=\"http:\/\/www.fgriot.net\/parl\/regarder.php\" target=\"_blank\" rel=\"noopener noreferrer\"><strong>parl#<\/strong><\/a><\/p>\n<p><a href=\"http:\/\/www.fgriot.net\/parl\/regarder.php\" target=\"_blank\" rel=\"noopener noreferrer\"><img loading=\"lazy\" decoding=\"async\" class=\"alignnone wp-image-213 \" src=\"http:\/\/fgriot.net\/herbe\/wp-content\/uploads\/2018\/07\/perf_parl_dossier_Page_1-300x212.jpg\" alt=\"\" width=\"361\" height=\"255\" srcset=\"http:\/\/fgriot.net\/herbe\/wp-content\/uploads\/2018\/07\/perf_parl_dossier_Page_1-300x212.jpg 300w, http:\/\/fgriot.net\/herbe\/wp-content\/uploads\/2018\/07\/perf_parl_dossier_Page_1-768x542.jpg 768w, http:\/\/fgriot.net\/herbe\/wp-content\/uploads\/2018\/07\/perf_parl_dossier_Page_1-150x106.jpg 150w, http:\/\/fgriot.net\/herbe\/wp-content\/uploads\/2018\/07\/perf_parl_dossier_Page_1.jpg 889w\" sizes=\"(max-width: 361px) 100vw, 361px\" \/><\/a><\/p>\n<p>&nbsp;<\/p>\n<p><em>Merci \u00e0 tous les donateurs dont Philippe Aigrain, Tanja Rahmy, Camille Donnat-Bart, David Potaux-Razel, Sylvie Griot, Dominique Marozeau.<\/em><\/p>\n<p>&nbsp;<\/p>\n","protected":false},"excerpt":{"rendered":"<p>enfin tu regardes l&rsquo;herbe nouvel album &nbsp; &nbsp; &nbsp; \u00ab Fred Griot \u00e9rige des sc\u00e8nes po\u00e9tiques plong\u00e9es dans un quotidien minimal, profond\u00e9ment intime, qu\u2019un rien parvient \u00e0 faire vibrer. Comme si Raymond Carver avait l\u00e2ch\u00e9 sa bouteille pour se plonger dans la contemplation. \u00bb (suite de l&rsquo;article de Yan Kouton)\u2026<\/p>\n<p class=\"continue-reading-button\"> <a class=\"continue-reading-link\" href=\"http:\/\/fgriot.net\/herbe\/le-disque\/\">Lire la suite&#8230;<i class=\"crycon-right-dir\"><\/i><\/a><\/p>\n","protected":false},"author":1,"featured_media":633,"parent":0,"menu_order":0,"comment_status":"closed","ping_status":"closed","template":"","meta":{"jetpack_post_was_ever_published":false,"footnotes":""},"class_list":["post-35","page","type-page","status-publish","has-post-thumbnail","hentry"],"yoast_head":"<!-- This site is optimized with the Yoast SEO plugin v25.6 - https:\/\/yoast.com\/wordpress\/plugins\/seo\/ -->\n<title>le disque - enfin tu regardes l&#039;herbe<\/title>\n<meta name=\"description\" content=\"enfin tu regardes l&#039;herbe | Griot \u2022 Groleau \u2022 Bouillard \u2022 Allegret (disque \u2022 concert \u2022 livre)\" \/>\n<meta name=\"robots\" content=\"index, follow, max-snippet:-1, max-image-preview:large, max-video-preview:-1\" \/>\n<link rel=\"canonical\" href=\"http:\/\/fgriot.net\/herbe\/le-disque\/\" \/>\n<meta property=\"og:locale\" content=\"fr_FR\" \/>\n<meta property=\"og:type\" content=\"article\" \/>\n<meta property=\"og:title\" content=\"le disque - enfin tu regardes l&#039;herbe\" \/>\n<meta property=\"og:description\" content=\"enfin tu regardes l&#039;herbe | Griot \u2022 Groleau \u2022 Bouillard \u2022 Allegret (disque \u2022 concert \u2022 livre)\" \/>\n<meta property=\"og:url\" content=\"http:\/\/fgriot.net\/herbe\/le-disque\/\" \/>\n<meta property=\"og:site_name\" content=\"enfin tu regardes l&#039;herbe\" \/>\n<meta property=\"article:modified_time\" content=\"2021-12-29T20:53:58+00:00\" \/>\n<meta property=\"og:image\" content=\"http:\/\/fgriot.net\/herbe\/wp-content\/uploads\/2019\/10\/herbe_cover-itunes-og-image2w.jpg\" \/>\n\t<meta property=\"og:image:width\" content=\"1080\" \/>\n\t<meta property=\"og:image:height\" content=\"580\" \/>\n\t<meta property=\"og:image:type\" content=\"image\/jpeg\" \/>\n<meta name=\"twitter:card\" content=\"summary_large_image\" \/>\n<meta name=\"twitter:description\" content=\"enfin tu regardes l&#039;herbe | Griot \u2022 Groleau \u2022 Bouillard \u2022 Allegret (disque \u2022 concert \u2022 livre)\" \/>\n<meta name=\"twitter:image\" content=\"http:\/\/fgriot.net\/herbe\/wp-content\/uploads\/2019\/10\/herbe_cover-itunes-og-image2w.jpg\" \/>\n<meta name=\"twitter:label1\" content=\"Dur\u00e9e de lecture estim\u00e9e\" \/>\n\t<meta name=\"twitter:data1\" content=\"3 minutes\" \/>\n<script type=\"application\/ld+json\" class=\"yoast-schema-graph\">{\"@context\":\"https:\/\/schema.org\",\"@graph\":[{\"@type\":\"WebPage\",\"@id\":\"http:\/\/fgriot.net\/herbe\/le-disque\/\",\"url\":\"http:\/\/fgriot.net\/herbe\/le-disque\/\",\"name\":\"le disque - enfin tu regardes l&#039;herbe\",\"isPartOf\":{\"@id\":\"https:\/\/fgriot.net\/herbe\/#website\"},\"primaryImageOfPage\":{\"@id\":\"http:\/\/fgriot.net\/herbe\/le-disque\/#primaryimage\"},\"image\":{\"@id\":\"http:\/\/fgriot.net\/herbe\/le-disque\/#primaryimage\"},\"thumbnailUrl\":\"http:\/\/fgriot.net\/herbe\/wp-content\/uploads\/2019\/09\/herbe_cover-itunesw.jpg\",\"datePublished\":\"2018-07-04T14:09:24+00:00\",\"dateModified\":\"2021-12-29T20:53:58+00:00\",\"description\":\"enfin tu regardes l'herbe | Griot \u2022 Groleau \u2022 Bouillard \u2022 Allegret (disque \u2022 concert \u2022 livre)\",\"breadcrumb\":{\"@id\":\"http:\/\/fgriot.net\/herbe\/le-disque\/#breadcrumb\"},\"inLanguage\":\"fr-FR\",\"potentialAction\":[{\"@type\":\"ReadAction\",\"target\":[\"http:\/\/fgriot.net\/herbe\/le-disque\/\"]}]},{\"@type\":\"ImageObject\",\"inLanguage\":\"fr-FR\",\"@id\":\"http:\/\/fgriot.net\/herbe\/le-disque\/#primaryimage\",\"url\":\"http:\/\/fgriot.net\/herbe\/wp-content\/uploads\/2019\/09\/herbe_cover-itunesw.jpg\",\"contentUrl\":\"http:\/\/fgriot.net\/herbe\/wp-content\/uploads\/2019\/09\/herbe_cover-itunesw.jpg\",\"width\":1524,\"height\":1528},{\"@type\":\"BreadcrumbList\",\"@id\":\"http:\/\/fgriot.net\/herbe\/le-disque\/#breadcrumb\",\"itemListElement\":[{\"@type\":\"ListItem\",\"position\":1,\"name\":\"Accueil\",\"item\":\"https:\/\/fgriot.net\/herbe\/\"},{\"@type\":\"ListItem\",\"position\":2,\"name\":\"le disque\"}]},{\"@type\":\"WebSite\",\"@id\":\"https:\/\/fgriot.net\/herbe\/#website\",\"url\":\"https:\/\/fgriot.net\/herbe\/\",\"name\":\"enfin tu regardes l&#039;herbe\",\"description\":\"\",\"potentialAction\":[{\"@type\":\"SearchAction\",\"target\":{\"@type\":\"EntryPoint\",\"urlTemplate\":\"https:\/\/fgriot.net\/herbe\/?s={search_term_string}\"},\"query-input\":{\"@type\":\"PropertyValueSpecification\",\"valueRequired\":true,\"valueName\":\"search_term_string\"}}],\"inLanguage\":\"fr-FR\"}]}<\/script>\n<!-- \/ Yoast SEO plugin. -->","yoast_head_json":{"title":"le disque - enfin tu regardes l&#039;herbe","description":"enfin tu regardes l'herbe | Griot \u2022 Groleau \u2022 Bouillard \u2022 Allegret (disque \u2022 concert \u2022 livre)","robots":{"index":"index","follow":"follow","max-snippet":"max-snippet:-1","max-image-preview":"max-image-preview:large","max-video-preview":"max-video-preview:-1"},"canonical":"http:\/\/fgriot.net\/herbe\/le-disque\/","og_locale":"fr_FR","og_type":"article","og_title":"le disque - enfin tu regardes l&#039;herbe","og_description":"enfin tu regardes l'herbe | Griot \u2022 Groleau \u2022 Bouillard \u2022 Allegret (disque \u2022 concert \u2022 livre)","og_url":"http:\/\/fgriot.net\/herbe\/le-disque\/","og_site_name":"enfin tu regardes l&#039;herbe","article_modified_time":"2021-12-29T20:53:58+00:00","og_image":[{"width":1080,"height":580,"url":"http:\/\/fgriot.net\/herbe\/wp-content\/uploads\/2019\/10\/herbe_cover-itunes-og-image2w.jpg","type":"image\/jpeg"}],"twitter_card":"summary_large_image","twitter_description":"enfin tu regardes l'herbe | Griot \u2022 Groleau \u2022 Bouillard \u2022 Allegret (disque \u2022 concert \u2022 livre)","twitter_image":"http:\/\/fgriot.net\/herbe\/wp-content\/uploads\/2019\/10\/herbe_cover-itunes-og-image2w.jpg","twitter_misc":{"Dur\u00e9e de lecture estim\u00e9e":"3 minutes"},"schema":{"@context":"https:\/\/schema.org","@graph":[{"@type":"WebPage","@id":"http:\/\/fgriot.net\/herbe\/le-disque\/","url":"http:\/\/fgriot.net\/herbe\/le-disque\/","name":"le disque - enfin tu regardes l&#039;herbe","isPartOf":{"@id":"https:\/\/fgriot.net\/herbe\/#website"},"primaryImageOfPage":{"@id":"http:\/\/fgriot.net\/herbe\/le-disque\/#primaryimage"},"image":{"@id":"http:\/\/fgriot.net\/herbe\/le-disque\/#primaryimage"},"thumbnailUrl":"http:\/\/fgriot.net\/herbe\/wp-content\/uploads\/2019\/09\/herbe_cover-itunesw.jpg","datePublished":"2018-07-04T14:09:24+00:00","dateModified":"2021-12-29T20:53:58+00:00","description":"enfin tu regardes l'herbe | Griot \u2022 Groleau \u2022 Bouillard \u2022 Allegret (disque \u2022 concert \u2022 livre)","breadcrumb":{"@id":"http:\/\/fgriot.net\/herbe\/le-disque\/#breadcrumb"},"inLanguage":"fr-FR","potentialAction":[{"@type":"ReadAction","target":["http:\/\/fgriot.net\/herbe\/le-disque\/"]}]},{"@type":"ImageObject","inLanguage":"fr-FR","@id":"http:\/\/fgriot.net\/herbe\/le-disque\/#primaryimage","url":"http:\/\/fgriot.net\/herbe\/wp-content\/uploads\/2019\/09\/herbe_cover-itunesw.jpg","contentUrl":"http:\/\/fgriot.net\/herbe\/wp-content\/uploads\/2019\/09\/herbe_cover-itunesw.jpg","width":1524,"height":1528},{"@type":"BreadcrumbList","@id":"http:\/\/fgriot.net\/herbe\/le-disque\/#breadcrumb","itemListElement":[{"@type":"ListItem","position":1,"name":"Accueil","item":"https:\/\/fgriot.net\/herbe\/"},{"@type":"ListItem","position":2,"name":"le disque"}]},{"@type":"WebSite","@id":"https:\/\/fgriot.net\/herbe\/#website","url":"https:\/\/fgriot.net\/herbe\/","name":"enfin tu regardes l&#039;herbe","description":"","potentialAction":[{"@type":"SearchAction","target":{"@type":"EntryPoint","urlTemplate":"https:\/\/fgriot.net\/herbe\/?s={search_term_string}"},"query-input":{"@type":"PropertyValueSpecification","valueRequired":true,"valueName":"search_term_string"}}],"inLanguage":"fr-FR"}]}},"jetpack_sharing_enabled":true,"jetpack_shortlink":"https:\/\/wp.me\/Pa2ZQw-z","_links":{"self":[{"href":"http:\/\/fgriot.net\/herbe\/wp-json\/wp\/v2\/pages\/35"}],"collection":[{"href":"http:\/\/fgriot.net\/herbe\/wp-json\/wp\/v2\/pages"}],"about":[{"href":"http:\/\/fgriot.net\/herbe\/wp-json\/wp\/v2\/types\/page"}],"author":[{"embeddable":true,"href":"http:\/\/fgriot.net\/herbe\/wp-json\/wp\/v2\/users\/1"}],"replies":[{"embeddable":true,"href":"http:\/\/fgriot.net\/herbe\/wp-json\/wp\/v2\/comments?post=35"}],"version-history":[{"count":27,"href":"http:\/\/fgriot.net\/herbe\/wp-json\/wp\/v2\/pages\/35\/revisions"}],"predecessor-version":[{"id":832,"href":"http:\/\/fgriot.net\/herbe\/wp-json\/wp\/v2\/pages\/35\/revisions\/832"}],"wp:featuredmedia":[{"embeddable":true,"href":"http:\/\/fgriot.net\/herbe\/wp-json\/wp\/v2\/media\/633"}],"wp:attachment":[{"href":"http:\/\/fgriot.net\/herbe\/wp-json\/wp\/v2\/media?parent=35"}],"curies":[{"name":"wp","href":"https:\/\/api.w.org\/{rel}","templated":true}]}}