{"id":496,"date":"2019-08-24T23:18:53","date_gmt":"2019-08-24T21:18:53","guid":{"rendered":"http:\/\/fgriot.net\/herbe\/?page_id=496"},"modified":"2024-09-04T22:57:26","modified_gmt":"2024-09-04T20:57:26","slug":"le-disque-achat","status":"publish","type":"page","link":"http:\/\/fgriot.net\/herbe\/le-disque-achat\/","title":{"rendered":"le disque &#8211; acheter et \u00e9couter"},"content":{"rendered":"<h4><strong> <a href=\"http:\/\/fgriot.net\/herbe\/wp-content\/uploads\/2019\/07\/enfin-tu-regardes-l-herbe_cover-itunes.jpg\"><img loading=\"lazy\" decoding=\"async\" class=\"alignnone wp-image-451\" src=\"http:\/\/fgriot.net\/herbe\/wp-content\/uploads\/2019\/07\/enfin-tu-regardes-l-herbe_cover-itunes-300x300.jpg\" alt=\"\" width=\"210\" height=\"210\" srcset=\"http:\/\/fgriot.net\/herbe\/wp-content\/uploads\/2019\/07\/enfin-tu-regardes-l-herbe_cover-itunes-300x300.jpg 300w, http:\/\/fgriot.net\/herbe\/wp-content\/uploads\/2019\/07\/enfin-tu-regardes-l-herbe_cover-itunes-150x150.jpg 150w, http:\/\/fgriot.net\/herbe\/wp-content\/uploads\/2019\/07\/enfin-tu-regardes-l-herbe_cover-itunes-768x768.jpg 768w, http:\/\/fgriot.net\/herbe\/wp-content\/uploads\/2019\/07\/enfin-tu-regardes-l-herbe_cover-itunes-1024x1024.jpg 1024w\" sizes=\"(max-width: 210px) 100vw, 210px\" \/><\/a><\/strong><\/h4>\n<hr \/>\n<h4><strong>obtenir l&rsquo;album CD<br \/>\n<\/strong><\/h4>\n<p><span style=\"color: #999999;\"><em>CD avec livret + acc\u00e8s \u00e0 la version num\u00e9rique : 12 \u20ac port et taxes comprises<\/em><\/span><\/p>\n<form action=\"https:\/\/www.paypal.com\/cgi-bin\/webscr\" method=\"post\" target=\"_blank\">\n<h4><a href=\"https:\/\/www.paypal.com\/webapps\/shoppingcart?flowlogging_id=f679233e0b496&amp;mfid=1725192731309_f679233e0b496#\/checkout\/openButton\" target=\"_blank\" rel=\"noopener\"><img loading=\"lazy\" decoding=\"async\" class=\"alignnone wp-image-544\" src=\"http:\/\/fgriot.net\/herbe\/wp-content\/uploads\/2019\/09\/capt_pochette_herbe-1024x774.jpg\" alt=\"\" width=\"204\" height=\"154\" srcset=\"http:\/\/fgriot.net\/herbe\/wp-content\/uploads\/2019\/09\/capt_pochette_herbe-1024x774.jpg 1024w, http:\/\/fgriot.net\/herbe\/wp-content\/uploads\/2019\/09\/capt_pochette_herbe-300x227.jpg 300w, http:\/\/fgriot.net\/herbe\/wp-content\/uploads\/2019\/09\/capt_pochette_herbe-768x580.jpg 768w, http:\/\/fgriot.net\/herbe\/wp-content\/uploads\/2019\/09\/capt_pochette_herbe-150x113.jpg 150w, http:\/\/fgriot.net\/herbe\/wp-content\/uploads\/2019\/09\/capt_pochette_herbe.jpg 1366w\" sizes=\"(max-width: 204px) 100vw, 204px\" \/><\/a><input name=\"cmd\" type=\"hidden\" value=\"_s-xclick\" \/><br \/>\n<input name=\"hosted_button_id\" type=\"hidden\" value=\"5VLB96J96439Q\" \/><\/h4>\n<p><input alt=\"PayPal, le r\u00e9flexe s\u00e9curit\u00e9 pour payer en ligne\" name=\"submit\" src=\"https:\/\/www.paypalobjects.com\/fr_FR\/FR\/i\/btn\/btn_buynowCC_LG.gif\" type=\"image\" \/><br \/>\n<img loading=\"lazy\" decoding=\"async\" src=\"https:\/\/www.paypalobjects.com\/fr_FR\/i\/scr\/pixel.gif\" alt=\"\" width=\"1\" height=\"1\" border=\"0\" \/><\/p>\n<\/form>\n<hr \/>\n<h4><strong>obtenir l&rsquo;album num\u00e9rique<br \/>\n<\/strong><\/h4>\n<p><span style=\"color: #999999;\"><em>Album mp3 avec livret : 6,93 \u20ac<\/em><\/span><\/p>\n<p><a href=\"http:\/\/itunes.apple.com\/album\/id1479224729?ls=1&amp;app=itunes\" target=\"_blank\" rel=\"noopener noreferrer\"><img loading=\"lazy\" decoding=\"async\" class=\"alignnone wp-image-485\" src=\"http:\/\/fgriot.net\/herbe\/wp-content\/uploads\/2019\/08\/itunes-black-logo-150x150.png\" alt=\"\" width=\"100\" height=\"100\" \/><\/a><\/p>\n<form action=\"https:\/\/www.paypal.com\/cgi-bin\/webscr\" method=\"post\" target=\"_blank\"><img loading=\"lazy\" decoding=\"async\" src=\"https:\/\/www.paypalobjects.com\/fr_FR\/i\/scr\/pixel.gif\" alt=\"\" width=\"1\" height=\"1\" border=\"0\" \/><\/form>\n<hr \/>\n<h4><strong>\u00e9couter l&rsquo;album<\/strong><\/h4>\n<p><a href=\"https:\/\/open.spotify.com\/album\/2UHhR1HAvpRIPooiE7mJKe?si=OHa4mZynQt-S68sFDwuCzw\" target=\"_blank\" rel=\"noopener noreferrer\"><img loading=\"lazy\" decoding=\"async\" class=\"alignnone wp-image-525\" src=\"http:\/\/fgriot.net\/herbe\/wp-content\/uploads\/2019\/09\/spotify-logo.png\" alt=\"\" width=\"100\" height=\"100\" srcset=\"http:\/\/fgriot.net\/herbe\/wp-content\/uploads\/2019\/09\/spotify-logo.png 259w, http:\/\/fgriot.net\/herbe\/wp-content\/uploads\/2019\/09\/spotify-logo-150x150.png 150w\" sizes=\"(max-width: 100px) 100vw, 100px\" \/><\/a>\u00a0 \u00a0 <a href=\"https:\/\/www.deezer.com\/album\/110318402?utm_source=deezer&amp;utm_content=album-110318402&amp;utm_term=1390052_1569442553&amp;utm_medium=web\" target=\"_blank\" rel=\"noopener noreferrer\"><img loading=\"lazy\" decoding=\"async\" class=\"alignnone wp-image-523\" src=\"http:\/\/fgriot.net\/herbe\/wp-content\/uploads\/2019\/09\/deezer_by_x47xdiezel.png\" alt=\"\" width=\"105\" height=\"105\" srcset=\"http:\/\/fgriot.net\/herbe\/wp-content\/uploads\/2019\/09\/deezer_by_x47xdiezel.png 256w, http:\/\/fgriot.net\/herbe\/wp-content\/uploads\/2019\/09\/deezer_by_x47xdiezel-150x150.png 150w\" sizes=\"(max-width: 105px) 100vw, 105px\" \/><\/a>\u00a0 \u00a0 <a href=\"https:\/\/music.apple.com\/fr\/artist\/fred-griot\/392049119\" target=\"_blank\" rel=\"noopener\"><img loading=\"lazy\" decoding=\"async\" class=\"alignnone wp-image-890\" src=\"http:\/\/fgriot.net\/herbe\/wp-content\/uploads\/2024\/09\/logo-apple-music.jpg\" alt=\"\" width=\"94\" height=\"96\" srcset=\"http:\/\/fgriot.net\/herbe\/wp-content\/uploads\/2024\/09\/logo-apple-music.jpg 356w, http:\/\/fgriot.net\/herbe\/wp-content\/uploads\/2024\/09\/logo-apple-music-293x300.jpg 293w, http:\/\/fgriot.net\/herbe\/wp-content\/uploads\/2024\/09\/logo-apple-music-147x150.jpg 147w\" sizes=\"(max-width: 94px) 100vw, 94px\" \/><\/a><\/p>\n<p>&nbsp;<\/p>\n<hr \/>\n<h4><a href=\"http:\/\/fgriot.net\/herbe\/wp-content\/uploads\/2019\/09\/capt_pochette_herbe.jpg\"><img loading=\"lazy\" decoding=\"async\" class=\"alignnone wp-image-544\" src=\"http:\/\/fgriot.net\/herbe\/wp-content\/uploads\/2019\/09\/capt_pochette_herbe-1024x774.jpg\" alt=\"\" width=\"550\" height=\"416\" srcset=\"http:\/\/fgriot.net\/herbe\/wp-content\/uploads\/2019\/09\/capt_pochette_herbe-1024x774.jpg 1024w, http:\/\/fgriot.net\/herbe\/wp-content\/uploads\/2019\/09\/capt_pochette_herbe-300x227.jpg 300w, http:\/\/fgriot.net\/herbe\/wp-content\/uploads\/2019\/09\/capt_pochette_herbe-768x580.jpg 768w, http:\/\/fgriot.net\/herbe\/wp-content\/uploads\/2019\/09\/capt_pochette_herbe-150x113.jpg 150w, http:\/\/fgriot.net\/herbe\/wp-content\/uploads\/2019\/09\/capt_pochette_herbe.jpg 1366w\" sizes=\"(max-width: 550px) 100vw, 550px\" \/><\/a><\/h4>\n<p><strong>tracklist<\/strong><br \/>\n1 \u2219 vivants visibles &#8211; <span style=\"color: #999999;\">04:32<\/span><br \/>\n2 \u2219 po\u00e8me con sur jardin de nuit &#8211; <span style=\"color: #999999;\">04:46<\/span><br \/>\n3 \u2219 au-del\u00e0 de la terrasse &#8211; <span style=\"color: #999999;\">04:02<\/span><br \/>\n4 \u2219 enfin tu regardes l\u2019herbe &#8211; <span style=\"color: #999999;\">08:20<\/span><br \/>\n5 \u2219 seul pour la coupe du monde &#8211; <span style=\"color: #999999;\">03:51<\/span><br \/>\n6 \u2219 les soirs de ciel clair &#8211; <span style=\"color: #999999;\">06:02<\/span><br \/>\n7 \u2219 po\u00e8me cul &#8211; <span style=\"color: #999999;\">02:38<\/span><\/p>\n<p>&nbsp;<\/p>\n","protected":false},"excerpt":{"rendered":"<p>obtenir l&rsquo;album CD CD avec livret + acc\u00e8s \u00e0 la version num\u00e9rique : 12 \u20ac port et taxes comprises obtenir l&rsquo;album num\u00e9rique Album mp3 avec livret : 6,93 \u20ac \u00e9couter l&rsquo;album \u00a0 \u00a0 \u00a0 \u00a0 &nbsp; tracklist 1 \u2219 vivants visibles &#8211; 04:32 2 \u2219 po\u00e8me con sur jardin de\u2026<\/p>\n<p class=\"continue-reading-button\"> <a class=\"continue-reading-link\" href=\"http:\/\/fgriot.net\/herbe\/le-disque-achat\/\">Lire la suite&#8230;<i class=\"crycon-right-dir\"><\/i><\/a><\/p>\n","protected":false},"author":1,"featured_media":544,"parent":0,"menu_order":0,"comment_status":"closed","ping_status":"closed","template":"","meta":{"jetpack_post_was_ever_published":false,"footnotes":""},"class_list":["post-496","page","type-page","status-publish","has-post-thumbnail","hentry"],"yoast_head":"<!-- This site is optimized with the Yoast SEO plugin v25.6 - https:\/\/yoast.com\/wordpress\/plugins\/seo\/ -->\n<title>le disque - acheter et \u00e9couter - enfin tu regardes l&#039;herbe<\/title>\n<meta name=\"robots\" content=\"index, follow, max-snippet:-1, max-image-preview:large, max-video-preview:-1\" \/>\n<link rel=\"canonical\" href=\"https:\/\/fgriot.net\/herbe\/le-disque-achat\/\" \/>\n<meta property=\"og:locale\" content=\"fr_FR\" \/>\n<meta property=\"og:type\" content=\"article\" \/>\n<meta property=\"og:title\" content=\"le disque - acheter et \u00e9couter - enfin tu regardes l&#039;herbe\" \/>\n<meta property=\"og:description\" content=\"obtenir l&rsquo;album CD CD avec livret + acc\u00e8s \u00e0 la version num\u00e9rique : 12 \u20ac port et taxes comprises obtenir l&rsquo;album num\u00e9rique Album mp3 avec livret : 6,93 \u20ac \u00e9couter l&rsquo;album \u00a0 \u00a0 \u00a0 \u00a0 &nbsp; tracklist 1 \u2219 vivants visibles &#8211; 04:32 2 \u2219 po\u00e8me con sur jardin de\u2026 Lire la suite...\" \/>\n<meta property=\"og:url\" content=\"https:\/\/fgriot.net\/herbe\/le-disque-achat\/\" \/>\n<meta property=\"og:site_name\" content=\"enfin tu regardes l&#039;herbe\" \/>\n<meta property=\"article:modified_time\" content=\"2024-09-04T20:57:26+00:00\" \/>\n<meta property=\"og:image\" content=\"https:\/\/fgriot.net\/herbe\/wp-content\/uploads\/2019\/09\/capt_pochette_herbe.jpg\" \/>\n\t<meta property=\"og:image:width\" content=\"1366\" \/>\n\t<meta property=\"og:image:height\" content=\"1032\" \/>\n\t<meta property=\"og:image:type\" content=\"image\/jpeg\" \/>\n<meta name=\"twitter:card\" content=\"summary_large_image\" \/>\n<meta name=\"twitter:label1\" content=\"Dur\u00e9e de lecture estim\u00e9e\" \/>\n\t<meta name=\"twitter:data1\" content=\"2 minutes\" \/>\n<script type=\"application\/ld+json\" class=\"yoast-schema-graph\">{\"@context\":\"https:\/\/schema.org\",\"@graph\":[{\"@type\":\"WebPage\",\"@id\":\"https:\/\/fgriot.net\/herbe\/le-disque-achat\/\",\"url\":\"https:\/\/fgriot.net\/herbe\/le-disque-achat\/\",\"name\":\"le disque - acheter et \u00e9couter - enfin tu regardes l&#039;herbe\",\"isPartOf\":{\"@id\":\"http:\/\/fgriot.net\/herbe\/#website\"},\"primaryImageOfPage\":{\"@id\":\"https:\/\/fgriot.net\/herbe\/le-disque-achat\/#primaryimage\"},\"image\":{\"@id\":\"https:\/\/fgriot.net\/herbe\/le-disque-achat\/#primaryimage\"},\"thumbnailUrl\":\"http:\/\/fgriot.net\/herbe\/wp-content\/uploads\/2019\/09\/capt_pochette_herbe.jpg\",\"datePublished\":\"2019-08-24T21:18:53+00:00\",\"dateModified\":\"2024-09-04T20:57:26+00:00\",\"breadcrumb\":{\"@id\":\"https:\/\/fgriot.net\/herbe\/le-disque-achat\/#breadcrumb\"},\"inLanguage\":\"fr-FR\",\"potentialAction\":[{\"@type\":\"ReadAction\",\"target\":[\"https:\/\/fgriot.net\/herbe\/le-disque-achat\/\"]}]},{\"@type\":\"ImageObject\",\"inLanguage\":\"fr-FR\",\"@id\":\"https:\/\/fgriot.net\/herbe\/le-disque-achat\/#primaryimage\",\"url\":\"http:\/\/fgriot.net\/herbe\/wp-content\/uploads\/2019\/09\/capt_pochette_herbe.jpg\",\"contentUrl\":\"http:\/\/fgriot.net\/herbe\/wp-content\/uploads\/2019\/09\/capt_pochette_herbe.jpg\",\"width\":1366,\"height\":1032},{\"@type\":\"BreadcrumbList\",\"@id\":\"https:\/\/fgriot.net\/herbe\/le-disque-achat\/#breadcrumb\",\"itemListElement\":[{\"@type\":\"ListItem\",\"position\":1,\"name\":\"Accueil\",\"item\":\"http:\/\/fgriot.net\/herbe\/\"},{\"@type\":\"ListItem\",\"position\":2,\"name\":\"le disque &#8211; acheter et \u00e9couter\"}]},{\"@type\":\"WebSite\",\"@id\":\"http:\/\/fgriot.net\/herbe\/#website\",\"url\":\"http:\/\/fgriot.net\/herbe\/\",\"name\":\"enfin tu regardes l&#039;herbe\",\"description\":\"\",\"potentialAction\":[{\"@type\":\"SearchAction\",\"target\":{\"@type\":\"EntryPoint\",\"urlTemplate\":\"http:\/\/fgriot.net\/herbe\/?s={search_term_string}\"},\"query-input\":{\"@type\":\"PropertyValueSpecification\",\"valueRequired\":true,\"valueName\":\"search_term_string\"}}],\"inLanguage\":\"fr-FR\"}]}<\/script>\n<!-- \/ Yoast SEO plugin. -->","yoast_head_json":{"title":"le disque - acheter et \u00e9couter - enfin tu regardes l&#039;herbe","robots":{"index":"index","follow":"follow","max-snippet":"max-snippet:-1","max-image-preview":"max-image-preview:large","max-video-preview":"max-video-preview:-1"},"canonical":"https:\/\/fgriot.net\/herbe\/le-disque-achat\/","og_locale":"fr_FR","og_type":"article","og_title":"le disque - acheter et \u00e9couter - enfin tu regardes l&#039;herbe","og_description":"obtenir l&rsquo;album CD CD avec livret + acc\u00e8s \u00e0 la version num\u00e9rique : 12 \u20ac port et taxes comprises obtenir l&rsquo;album num\u00e9rique Album mp3 avec livret : 6,93 \u20ac \u00e9couter l&rsquo;album \u00a0 \u00a0 \u00a0 \u00a0 &nbsp; tracklist 1 \u2219 vivants visibles &#8211; 04:32 2 \u2219 po\u00e8me con sur jardin de\u2026 Lire la suite...","og_url":"https:\/\/fgriot.net\/herbe\/le-disque-achat\/","og_site_name":"enfin tu regardes l&#039;herbe","article_modified_time":"2024-09-04T20:57:26+00:00","og_image":[{"width":1366,"height":1032,"url":"https:\/\/fgriot.net\/herbe\/wp-content\/uploads\/2019\/09\/capt_pochette_herbe.jpg","type":"image\/jpeg"}],"twitter_card":"summary_large_image","twitter_misc":{"Dur\u00e9e de lecture estim\u00e9e":"2 minutes"},"schema":{"@context":"https:\/\/schema.org","@graph":[{"@type":"WebPage","@id":"https:\/\/fgriot.net\/herbe\/le-disque-achat\/","url":"https:\/\/fgriot.net\/herbe\/le-disque-achat\/","name":"le disque - acheter et \u00e9couter - enfin tu regardes l&#039;herbe","isPartOf":{"@id":"http:\/\/fgriot.net\/herbe\/#website"},"primaryImageOfPage":{"@id":"https:\/\/fgriot.net\/herbe\/le-disque-achat\/#primaryimage"},"image":{"@id":"https:\/\/fgriot.net\/herbe\/le-disque-achat\/#primaryimage"},"thumbnailUrl":"http:\/\/fgriot.net\/herbe\/wp-content\/uploads\/2019\/09\/capt_pochette_herbe.jpg","datePublished":"2019-08-24T21:18:53+00:00","dateModified":"2024-09-04T20:57:26+00:00","breadcrumb":{"@id":"https:\/\/fgriot.net\/herbe\/le-disque-achat\/#breadcrumb"},"inLanguage":"fr-FR","potentialAction":[{"@type":"ReadAction","target":["https:\/\/fgriot.net\/herbe\/le-disque-achat\/"]}]},{"@type":"ImageObject","inLanguage":"fr-FR","@id":"https:\/\/fgriot.net\/herbe\/le-disque-achat\/#primaryimage","url":"http:\/\/fgriot.net\/herbe\/wp-content\/uploads\/2019\/09\/capt_pochette_herbe.jpg","contentUrl":"http:\/\/fgriot.net\/herbe\/wp-content\/uploads\/2019\/09\/capt_pochette_herbe.jpg","width":1366,"height":1032},{"@type":"BreadcrumbList","@id":"https:\/\/fgriot.net\/herbe\/le-disque-achat\/#breadcrumb","itemListElement":[{"@type":"ListItem","position":1,"name":"Accueil","item":"http:\/\/fgriot.net\/herbe\/"},{"@type":"ListItem","position":2,"name":"le disque &#8211; acheter et \u00e9couter"}]},{"@type":"WebSite","@id":"http:\/\/fgriot.net\/herbe\/#website","url":"http:\/\/fgriot.net\/herbe\/","name":"enfin tu regardes l&#039;herbe","description":"","potentialAction":[{"@type":"SearchAction","target":{"@type":"EntryPoint","urlTemplate":"http:\/\/fgriot.net\/herbe\/?s={search_term_string}"},"query-input":{"@type":"PropertyValueSpecification","valueRequired":true,"valueName":"search_term_string"}}],"inLanguage":"fr-FR"}]}},"jetpack_sharing_enabled":true,"jetpack_shortlink":"https:\/\/wp.me\/Pa2ZQw-80","_links":{"self":[{"href":"http:\/\/fgriot.net\/herbe\/wp-json\/wp\/v2\/pages\/496"}],"collection":[{"href":"http:\/\/fgriot.net\/herbe\/wp-json\/wp\/v2\/pages"}],"about":[{"href":"http:\/\/fgriot.net\/herbe\/wp-json\/wp\/v2\/types\/page"}],"author":[{"embeddable":true,"href":"http:\/\/fgriot.net\/herbe\/wp-json\/wp\/v2\/users\/1"}],"replies":[{"embeddable":true,"href":"http:\/\/fgriot.net\/herbe\/wp-json\/wp\/v2\/comments?post=496"}],"version-history":[{"count":42,"href":"http:\/\/fgriot.net\/herbe\/wp-json\/wp\/v2\/pages\/496\/revisions"}],"predecessor-version":[{"id":895,"href":"http:\/\/fgriot.net\/herbe\/wp-json\/wp\/v2\/pages\/496\/revisions\/895"}],"wp:featuredmedia":[{"embeddable":true,"href":"http:\/\/fgriot.net\/herbe\/wp-json\/wp\/v2\/media\/544"}],"wp:attachment":[{"href":"http:\/\/fgriot.net\/herbe\/wp-json\/wp\/v2\/media?parent=496"}],"curies":[{"name":"wp","href":"https:\/\/api.w.org\/{rel}","templated":true}]}}